{"id":944,"date":"2020-02-09T23:05:02","date_gmt":"2020-02-09T22:05:02","guid":{"rendered":"https:\/\/female-coders.at\/?page_id=944"},"modified":"2021-10-19T10:17:43","modified_gmt":"2021-10-19T08:17:43","slug":"code-of-conduct","status":"publish","type":"page","link":"https:\/\/female-coders.at\/en\/verhaltenscodex\/","title":{"rendered":"Code of Conduct"},"content":{"rendered":"<p>[et_pb_section fb_built=&#8220;1&#8243; fullwidth=&#8220;on&#8220; admin_label=&#8220;Header&#8220; _builder_version=&#8220;4.11.3&#8243; background_image=&#8220;https:\/\/www.female-coders.at\/wp-content\/uploads\/2020\/01\/ny0lt7hlsj0.jpg&#8220; parallax=&#8220;on&#8220; custom_padding=&#8220;|||&#8220; animation_style=&#8220;slide&#8220; animation_direction=&#8220;top&#8220; animation_intensity_slide=&#8220;2%&#8220; global_colors_info=&#8220;{}&#8220;][et_pb_fullwidth_header title=&#8220;Verhaltenscodex &#8211; Code of Conduct&#8220; background_overlay_color=&#8220;rgba(255,255,255,0.6)&#8220; content_max_width=&#8220;700px&#8220; content_max_width_tablet=&#8220;100%&#8220; content_max_width_phone=&#8220;&#8220; content_max_width_last_edited=&#8220;on|desktop&#8220; _builder_version=&#8220;4.2&#8243; title_font=&#8220;Roboto|300|||||||&#8220; title_font_size=&#8220;60px&#8220; title_line_height=&#8220;1.4em&#8220; content_font=&#8220;||||||||&#8220; content_font_size=&#8220;17px&#8220; content_line_height=&#8220;1.9em&#8220; subhead_font=&#8220;|600|||||||&#8220; subhead_font_size=&#8220;20px&#8220; subhead_line_height=&#8220;1.8em&#8220; background_color=&#8220;rgba(255,255,255,0.3)&#8220; background_image=&#8220;https:\/\/www.female-coders.at\/wp-content\/uploads\/2019\/07\/dots-3.png&#8220; custom_button_one=&#8220;on&#8220; button_one_text_size=&#8220;14px&#8220; button_one_text_color=&#8220;#ffffff&#8220; button_one_bg_color=&#8220;#8300e9&#8243; button_one_bg_color_gradient_start=&#8220;#d883f8&#8243; button_one_bg_color_gradient_end=&#8220;#352DBE&#8220; button_one_bg_color_gradient_direction=&#8220;90deg&#8220; button_one_border_width=&#8220;10px&#8220; button_one_border_color=&#8220;rgba(0,0,0,0)&#8220; button_one_border_radius=&#8220;100px&#8220; button_one_letter_spacing=&#8220;3px&#8220; button_one_font=&#8220;Roboto|700||on|||||&#8220; custom_button_two=&#8220;on&#8220; button_two_text_size=&#8220;14px&#8220; button_two_text_color=&#8220;#ffffff&#8220; button_two_bg_color=&#8220;#06c8ff&#8220; button_two_border_width=&#8220;10px&#8220; button_two_border_color=&#8220;rgba(0,0,0,0)&#8220; button_two_border_radius=&#8220;100px&#8220; button_two_letter_spacing=&#8220;3px&#8220; button_two_font=&#8220;Roboto|700||on|||||&#8220; background_layout=&#8220;light&#8220; custom_margin=&#8220;||||false&#8220; custom_padding=&#8220;15vw||15vw||true|&#8220; custom_padding_tablet=&#8220;250px||250px||true&#8220; custom_padding_last_edited=&#8220;off|desktop&#8220; title_font_size_tablet=&#8220;40px&#8220; title_font_size_phone=&#8220;32px&#8220; title_font_size_last_edited=&#8220;on|desktop&#8220; button_one_text_color_hover=&#8220;#ffffff&#8220; button_two_text_color_hover=&#8220;#ffffff&#8220; button_one_letter_spacing_hover=&#8220;3px&#8220; button_two_letter_spacing_hover=&#8220;3px&#8220; global_colors_info=&#8220;{}&#8220; button_one_text_size__hover_enabled=&#8220;off&#8220; button_two_text_size__hover_enabled=&#8220;off&#8220; button_one_text_color__hover_enabled=&#8220;on&#8220; button_one_text_color__hover=&#8220;#ffffff&#8220; button_two_text_color__hover_enabled=&#8220;on&#8220; button_two_text_color__hover=&#8220;#ffffff&#8220; button_one_border_width__hover_enabled=&#8220;off&#8220; button_two_border_width__hover_enabled=&#8220;off&#8220; button_one_border_color__hover_enabled=&#8220;off&#8220; button_two_border_color__hover_enabled=&#8220;off&#8220; button_one_border_radius__hover_enabled=&#8220;off&#8220; button_two_border_radius__hover_enabled=&#8220;off&#8220; button_one_letter_spacing__hover_enabled=&#8220;on&#8220; button_one_letter_spacing__hover=&#8220;3px&#8220; button_two_letter_spacing__hover_enabled=&#8220;on&#8220; button_two_letter_spacing__hover=&#8220;3px&#8220; button_one_bg_color__hover_enabled=&#8220;off&#8220; button_two_bg_color__hover_enabled=&#8220;off&#8220;][\/et_pb_fullwidth_header][\/et_pb_section][et_pb_section fb_built=&#8220;1&#8243; admin_label=&#8220;conference&#8220; _builder_version=&#8220;3.22.3&#8243; collapsed=&#8220;off&#8220; global_colors_info=&#8220;{}&#8220;][et_pb_row column_structure=&#8220;1_3,2_3&#8243; _builder_version=&#8220;4.2&#8243; global_colors_info=&#8220;{}&#8220;][et_pb_column type=&#8220;1_3&#8243; _builder_version=&#8220;4.2&#8243; global_colors_info=&#8220;{}&#8220;][et_pb_text _builder_version=&#8220;4.2&#8243; global_colors_info=&#8220;{}&#8220;]<\/p>\n<h3><span style=\"font-size: 24pt; font-weight: bold; color: #b79cc3;\">&gt;_<\/span> <span style=\"color: #743f8c;\">Zweck<\/span><\/h3>\n<p>[\/et_pb_text][\/et_pb_column][et_pb_column type=&#8220;2_3&#8243; _builder_version=&#8220;4.2&#8243; global_colors_info=&#8220;{}&#8220;][et_pb_text _builder_version=&#8220;4.2&#8243; global_colors_info=&#8220;{}&#8220;]<\/p>\n<p>Dieser Verhaltenskodex umrei\u00dft unsere Erwartungen an alle, die an unserer Gemeinschaft teilnehmen, sowie die Konsequenzen f\u00fcr inakzeptables Verhalten.<\/p>\n<p>Wir laden alle ein, die an Female Coders StudyGroups oder Workshops teilnehmen, uns dabei zu helfen, das Teilnehmen zu einer sicheren und positiven Erfahrung f\u00fcr alle zu machen.<\/p>\n<p>[\/et_pb_text][\/et_pb_column][\/et_pb_row][et_pb_row column_structure=&#8220;1_3,2_3&#8243; _builder_version=&#8220;4.2&#8243; global_colors_info=&#8220;{}&#8220;][et_pb_column type=&#8220;1_3&#8243; _builder_version=&#8220;4.2&#8243; global_colors_info=&#8220;{}&#8220;][et_pb_text _builder_version=&#8220;4.2&#8243; global_colors_info=&#8220;{}&#8220;]<\/p>\n<h3><span style=\"font-size: 24pt; font-weight: bold; color: #b79cc3;\">&gt;_<\/span> <span style=\"color: #743f8c;\">Open Source Citizenship<\/span><\/h3>\n<p>[\/et_pb_text][\/et_pb_column][et_pb_column type=&#8220;2_3&#8243; _builder_version=&#8220;4.2&#8243; global_colors_info=&#8220;{}&#8220;][et_pb_text _builder_version=&#8220;4.2&#8243; global_colors_info=&#8220;{}&#8220;]<\/p>\n<p>Ein zus\u00e4tzliches Ziel dieses Verhaltenskodex ist es, die Open-Source-Gemeinschaft zu st\u00e4rken, indem die Teilnehmerinnen ermutigt werden, die Beziehungen zwischen unseren Handlungen und ihren Auswirkungen auf unsere Gemeinschaft zu erkennen und zu st\u00e4rken.<\/p>\n<p>Gemeinschaften spiegeln die Gesellschaften wider, in denen sie existieren, und positives Handeln ist wichtig, um den zahlreichen Formen von Ungleichheit und Machtmissbrauch in der Gesellschaft entgegenzuwirken.<\/p>\n<p>Wenn Sie jemanden sehen, der sich besonders darum bem\u00fcht, dass unsere Community einladend und freundlich ist und alle Teilnehmerinnen dazu ermutigt, ihren Beitrag in vollem Umfang zu leisten, m\u00f6chten wir dies wissen.<\/p>\n<p>[\/et_pb_text][\/et_pb_column][\/et_pb_row][et_pb_row column_structure=&#8220;1_3,2_3&#8243; _builder_version=&#8220;4.2&#8243; global_colors_info=&#8220;{}&#8220;][et_pb_column type=&#8220;1_3&#8243; _builder_version=&#8220;4.2&#8243; global_colors_info=&#8220;{}&#8220;][et_pb_text _builder_version=&#8220;4.2&#8243; global_colors_info=&#8220;{}&#8220;]<\/p>\n<h3><span style=\"font-size: 24pt; font-weight: bold; color: #b79cc3;\">&gt;_<\/span> <span style=\"color: #743f8c;\">Erwartetes Verhalten<\/span><\/h3>\n<p>[\/et_pb_text][\/et_pb_column][et_pb_column type=&#8220;2_3&#8243; _builder_version=&#8220;4.2&#8243; global_colors_info=&#8220;{}&#8220;][et_pb_text _builder_version=&#8220;4.11.3&#8243; hover_enabled=&#8220;0&#8243; global_colors_info=&#8220;{}&#8220; sticky_enabled=&#8220;0&#8243;]<\/p>\n<p>Die folgenden Verhaltensweisen werden von allen Community-Mitgliedern erwartet und gefordert:<\/p>\n<ul>\n<li>Beteiligen Sie sich authentisch und aktiv. Auf diese Weise tragen Sie zur Gesundheit und Langlebigkeit dieser Gemeinschaft bei.<\/li>\n<li>\u00dcben Sie R\u00fccksicht und Respekt in Ihrer Rede und Ihrem Handeln aus.<\/li>\n<li>Versuchen Sie die Zusammenarbeit vor dem Konflikt.<\/li>\n<li>Vermeiden Sie erniedrigendes, diskriminierendes oder bel\u00e4stigendes Verhalten und Reden.<\/li>\n<li>Achten Sie auf Ihre Umgebung und auf Ihre Kollegen.<\/li>\n<li>Benachrichtigen Sie Vorsitzende, wenn Sie eine gef\u00e4hrliche Situation, jemanden in Bedr\u00e4ngnis oder Verst\u00f6\u00dfe gegen diesen Verhaltenskodex bemerken, auch wenn sie belanglos erscheinen.<\/li>\n<li>Denken Sie daran, dass Veranstaltungsorte f\u00fcr Gemeinschaftsveranstaltungen mit Mitgliedern der \u00d6ffentlichkeit geteilt werden k\u00f6nnen. Bitte respektieren Sie alle G\u00f6nner dieser Orte.<\/li>\n<\/ul>\n<p>[\/et_pb_text][\/et_pb_column][\/et_pb_row][et_pb_row column_structure=&#8220;1_3,2_3&#8243; _builder_version=&#8220;4.2&#8243; global_colors_info=&#8220;{}&#8220;][et_pb_column type=&#8220;1_3&#8243; _builder_version=&#8220;4.2&#8243; global_colors_info=&#8220;{}&#8220;][et_pb_text _builder_version=&#8220;4.11.3&#8243; global_colors_info=&#8220;{}&#8220;]<\/p>\n<h3><span style=\"font-size: 24pt; font-weight: bold; color: #b79cc3;\">&gt;_<\/span> <span style=\"color: #743f8c;\">Inakzeptables Verhalten<\/span><\/h3>\n<p>[\/et_pb_text][\/et_pb_column][et_pb_column type=&#8220;2_3&#8243; _builder_version=&#8220;4.2&#8243; global_colors_info=&#8220;{}&#8220;][et_pb_text _builder_version=&#8220;4.2&#8243; global_colors_info=&#8220;{}&#8220;]<\/p>\n<p>Die folgenden Verhaltensweisen gelten als Bel\u00e4stigung und sind in unserer Gemeinschaft nicht akzeptabel:<\/p>\n<p>&nbsp;<\/p>\n<ul>\n<li>Gewalt, Gewaltandrohung oder gewaltt\u00e4tige Sprache gegen eine andere Person.<\/li>\n<li>Sexistische, rassistische, homophobe, transphobe, <span>ableistungs- <\/span>oder anderweitig diskriminierende Witze und Sprache.<\/li>\n<li>Das Ver\u00f6ffentlichen oder Anzeigen von sexuell eindeutigem oder gewaltt\u00e4tigem Material.<\/li>\n<li>Ver\u00f6ffentlichung oder Androhung der Ver\u00f6ffentlichung von pers\u00f6nlichen Informationen anderer Personen (&#8222;Doxing&#8220;).<\/li>\n<li>Pers\u00f6nliche Beleidigungen, insbesondere in Bezug auf Geschlecht, sexuelle Orientierung, Rasse, Religion oder Behinderung.<\/li>\n<li>Unangemessenes Fotografieren oder Aufnehmen.<\/li>\n<li>Unangemessener K\u00f6rperkontakt. Sie sollten die Zustimmung einer Person einholen, bevor Sie sie ber\u00fchren.<\/li>\n<li>Unerw\u00fcnschte sexuelle Aufmerksamkeit. Dazu geh\u00f6ren sexualisierte Kommentare oder Witze, unangemessene Ber\u00fchrungen, Betatschen und unerw\u00fcnschte sexuelle Ann\u00e4herungsversuche.<\/li>\n<li>Vors\u00e4tzliche Einsch\u00fcchterung, Stalking oder Verfolgung (online oder pers\u00f6nlich).<\/li>\n<li>Bef\u00fcrwortung oder Ermutigung zu einem der oben genannten Verhaltensweisen.<br \/>Anhaltende St\u00f6rung von Gemeinschaftsveranstaltungen, einschlie\u00dflich Vortr\u00e4gen und Pr\u00e4sentationen.<\/li>\n<\/ul>\n<p>[\/et_pb_text][\/et_pb_column][\/et_pb_row][et_pb_row column_structure=&#8220;1_3,2_3&#8243; _builder_version=&#8220;4.2&#8243; global_colors_info=&#8220;{}&#8220;][et_pb_column type=&#8220;1_3&#8243; _builder_version=&#8220;4.2&#8243; global_colors_info=&#8220;{}&#8220;][et_pb_text _builder_version=&#8220;4.11.3&#8243; global_colors_info=&#8220;{}&#8220;]<\/p>\n<h3><span style=\"font-size: 24pt; font-weight: bold; color: #b79cc3;\">&gt;_<\/span> <span style=\"color: #743f8c;\">Folgen inakzeptablen Verhaltens<\/span><\/h3>\n<p>[\/et_pb_text][\/et_pb_column][et_pb_column type=&#8220;2_3&#8243; _builder_version=&#8220;4.2&#8243; global_colors_info=&#8220;{}&#8220;][et_pb_text _builder_version=&#8220;4.11.3&#8243; global_colors_info=&#8220;{}&#8220;]Inakzeptables Verhalten von Mitgliedern der Community, einschlie\u00dflich Sponsoren und Personen mit Entscheidungsbefugnis, wird nicht toleriert.<\/p>\n<p>Von jedem, der aufgefordert wird, inakzeptables Verhalten zu unterbinden, wird die sofortige Einhaltung erwartet.<\/p>\n<p>Wenn ein Community-Mitglied ein inakzeptables Verhalten begeht, k\u00f6nnen die Community-Organisatoren bis zu einem vor\u00fcbergehenden Verbot oder einem dauerhaften Ausschluss aus der Community ohne Vorwarnung (und ohne R\u00fcckerstattung im Falle einer bezahlten Veranstaltung) alle von ihnen f\u00fcr angemessen erachteten Ma\u00dfnahmen ergreifen.[\/et_pb_text][\/et_pb_column][\/et_pb_row][et_pb_row column_structure=&#8220;1_3,2_3&#8243; _builder_version=&#8220;4.2&#8243; global_colors_info=&#8220;{}&#8220;][et_pb_column type=&#8220;1_3&#8243; _builder_version=&#8220;4.2&#8243; global_colors_info=&#8220;{}&#8220;][et_pb_text _builder_version=&#8220;4.11.3&#8243; global_colors_info=&#8220;{}&#8220;]<\/p>\n<h3><span style=\"font-size: 24pt; font-weight: bold; color: #b79cc3;\">&gt;_<\/span> <span style=\"color: #743f8c;\">Richtlinien f\u00fcr die Berichterstattung<\/span><\/h3>\n<p>[\/et_pb_text][\/et_pb_column][et_pb_column type=&#8220;2_3&#8243; _builder_version=&#8220;4.2&#8243; global_colors_info=&#8220;{}&#8220;][et_pb_text _builder_version=&#8220;4.11.3&#8243; global_colors_info=&#8220;{}&#8220;]Wenn Sie inakzeptablem Verhalten ausgesetzt sind oder dies bemerken oder sonstige Bedenken haben, benachrichtigen Sie bitte so bald wie m\u00f6glich einen Organisator der Community.<\/p>\n<p>Dar\u00fcber hinaus stehen unsere Mentorinnen bei Veranstaltungen zur Verf\u00fcgung und bieten je nach Bedarf Begleitpersonen.[\/et_pb_text][\/et_pb_column][\/et_pb_row][et_pb_row column_structure=&#8220;1_3,2_3&#8243; _builder_version=&#8220;4.2&#8243; global_colors_info=&#8220;{}&#8220;][et_pb_column type=&#8220;1_3&#8243; _builder_version=&#8220;4.2&#8243; global_colors_info=&#8220;{}&#8220;][et_pb_text _builder_version=&#8220;4.11.3&#8243; global_colors_info=&#8220;{}&#8220;]<\/p>\n<h3><span style=\"font-size: 24pt; font-weight: bold; color: #b79cc3;\">&gt;_<\/span> <span style=\"color: #743f8c;\">Beseitigung von Beschwerden<\/span><\/h3>\n<p>[\/et_pb_text][\/et_pb_column][et_pb_column type=&#8220;2_3&#8243; _builder_version=&#8220;4.2&#8243; global_colors_info=&#8220;{}&#8220;][et_pb_text _builder_version=&#8220;4.11.3&#8243; global_colors_info=&#8220;{}&#8220;]Wenn Sie das Gef\u00fchl haben, zu Unrecht beschuldigt worden zu sein, gegen diesen Verhaltenskodex versto\u00dfen zu haben, sollten Sie Female Coders mit einer pr\u00e4zisen Beschreibung Ihrer Beschwerde benachrichtigen. Ihre Beschwerde wird in \u00dcbereinstimmung mit unseren bestehenden Richtlinien behandelt.<\/p>\n<p>[\/et_pb_text][\/et_pb_column][\/et_pb_row][et_pb_row column_structure=&#8220;1_3,2_3&#8243; _builder_version=&#8220;4.2&#8243; global_colors_info=&#8220;{}&#8220;][et_pb_column type=&#8220;1_3&#8243; _builder_version=&#8220;4.2&#8243; global_colors_info=&#8220;{}&#8220;][et_pb_text _builder_version=&#8220;4.11.3&#8243; global_colors_info=&#8220;{}&#8220;]<\/p>\n<h3><span style=\"font-size: 24pt; font-weight: bold; color: #b79cc3;\">&gt;_<\/span> <span style=\"color: #743f8c;\">Geltungsbereich<\/span><\/h3>\n<p>[\/et_pb_text][\/et_pb_column][et_pb_column type=&#8220;2_3&#8243; _builder_version=&#8220;4.2&#8243; global_colors_info=&#8220;{}&#8220;][et_pb_text _builder_version=&#8220;4.11.3&#8243; global_colors_info=&#8220;{}&#8220;]Wir erwarten von allen Community-Teilnehmern (bezahlte oder sonstige Mitwirkende, Sponsoren und andere G\u00e4ste), dass sie sich an diesen Verhaltenskodex in allen Community-Einrichtungen \u2013 online und pers\u00f6nlich \u2013 sowie in allen Einzelkommunikationen in Bezug auf die Community halten.<\/p>\n<p>Dieser Verhaltenskodex und die damit verbundenen Verfahren gelten auch f\u00fcr inakzeptables Verhalten au\u00dferhalb der Aktivit\u00e4ten der Gemeinschaft, wenn dieses Verhalten die Sicherheit und das Wohlbefinden der Mitglieder der Gemeinschaft beeintr\u00e4chtigen kann.[\/et_pb_text][\/et_pb_column][\/et_pb_row][et_pb_row column_structure=&#8220;1_3,2_3&#8243; _builder_version=&#8220;4.2&#8243; global_colors_info=&#8220;{}&#8220;][et_pb_column type=&#8220;1_3&#8243; _builder_version=&#8220;4.2&#8243; global_colors_info=&#8220;{}&#8220;][et_pb_text _builder_version=&#8220;4.11.3&#8243; global_colors_info=&#8220;{}&#8220;]<\/p>\n<h3><span style=\"font-size: 24pt; font-weight: bold; color: #b79cc3;\">&gt;_<\/span> <span style=\"color: #743f8c;\">Kontakt<\/span><\/h3>\n<p>[\/et_pb_text][\/et_pb_column][et_pb_column type=&#8220;2_3&#8243; _builder_version=&#8220;4.2&#8243; global_colors_info=&#8220;{}&#8220;][et_pb_text _builder_version=&#8220;4.2&#8243; global_colors_info=&#8220;{}&#8220;]<\/p>\n<p><a href=\"mailto:info@female-coders.at\">info@female-coders.at<\/a><\/p>\n<p>[\/et_pb_text][\/et_pb_column][\/et_pb_row][et_pb_row column_structure=&#8220;1_3,2_3&#8243; _builder_version=&#8220;4.2&#8243; global_colors_info=&#8220;{}&#8220;][et_pb_column type=&#8220;1_3&#8243; _builder_version=&#8220;4.2&#8243; global_colors_info=&#8220;{}&#8220;][et_pb_text _builder_version=&#8220;4.11.3&#8243; global_colors_info=&#8220;{}&#8220;]<\/p>\n<h3><span style=\"font-size: 24pt; font-weight: bold; color: #b79cc3;\">&gt;_<\/span> <span style=\"color: #743f8c;\">Lizent und Namensnennung<\/span><\/h3>\n<p>[\/et_pb_text][\/et_pb_column][et_pb_column type=&#8220;2_3&#8243; _builder_version=&#8220;4.2&#8243; global_colors_info=&#8220;{}&#8220;][et_pb_text _builder_version=&#8220;4.2&#8243; global_colors_info=&#8220;{}&#8220;]<\/p>\n<p>Dieser Verhaltenskodex wird unter einer<span>\u00a0<\/span><a href=\"http:\/\/creativecommons.org\/licenses\/by-sa\/3.0\/\" target=\"_blank\" rel=\"nofollow noopener noreferrer\">Creative Commons Attribution-ShareAlike license<\/a>. verteilt.<br \/>Teile des Textes stammen aus dem<span>\u00a0<\/span><a href=\"https:\/\/github.com\/VueVixens\/docs\/blob\/master\/workshop\/CODE_OF_CONDUCT.md\" target=\"_blank\" rel=\"noopener noreferrer\">Vue Vixens Code of Conduct<\/a>,\u00a0<a href=\"https:\/\/www.djangoproject.com\/conduct\/\" target=\"_blank\" rel=\"nofollow noopener noreferrer\">Django Code of Conduct<\/a>\u00a0 und der Richtlinie zur Bek\u00e4mpfung von Bel\u00e4stigung durch<span>\u00a0<\/span><a href=\"http:\/\/geekfeminism.wikia.com\/wiki\/Conference_anti-harassment\/Policy\" target=\"_blank\" rel=\"nofollow noopener noreferrer\">Geek Feminism Anti-Harassment Policy<\/a>.<\/p>\n<p>Abgerufen am 22. November 2016 von<a href=\"http:\/\/citizencodeofconduct.org\/\"><span>\u00a0<\/span>http:\/\/citizencodeofconduct.org\/<\/a><\/p>\n<p>[\/et_pb_text][\/et_pb_column][\/et_pb_row][\/et_pb_section][et_pb_section fb_built=&#8220;1&#8243; admin_label=&#8220;social media &#8211; de&#8220; _builder_version=&#8220;3.22.3&#8243; global_module=&#8220;919&#8243; saved_tabs=&#8220;all&#8220; locked=&#8220;off&#8220; global_colors_info=&#8220;{}&#8220;][et_pb_row column_structure=&#8220;1_2,1_2&#8243; padding_top_bottom_link_1=&#8220;true&#8220; padding_left_right_link_1=&#8220;true&#8220; _builder_version=&#8220;3.25.4&#8243; custom_padding=&#8220;||128px|||&#8220; global_colors_info=&#8220;{}&#8220;][et_pb_column type=&#8220;1_2&#8243; _builder_version=&#8220;3.25.4&#8243; custom_padding=&#8220;10%|||&#8220; custom_padding_tablet=&#8220;0px|||&#8220; custom_padding_phone=&#8220;&#8220; custom_padding_last_edited=&#8220;on|desktop&#8220; global_colors_info=&#8220;{}&#8220; custom_padding__hover=&#8220;|||&#8220;][et_pb_text _builder_version=&#8220;4.9.1&#8243; text_font=&#8220;||||||||&#8220; text_font_size=&#8220;16px&#8220; text_line_height=&#8220;1.9em&#8220; header_font=&#8220;||||||||&#8220; header_2_font=&#8220;Roboto|300|||||||&#8220; header_2_font_size=&#8220;50px&#8220; header_2_line_height=&#8220;1.4em&#8220; text_orientation=&#8220;center&#8220; header_2_font_size_tablet=&#8220;40px&#8220; header_2_font_size_phone=&#8220;32px&#8220; header_2_font_size_last_edited=&#8220;on|phone&#8220; text_text_align=&#8220;center&#8220; global_colors_info=&#8220;{}&#8220;]<\/p>\n<h2>Find us on&#8230;<\/h2>\n<p>[\/et_pb_text][et_pb_code _builder_version=&#8220;4.9.1&#8243; text_orientation=&#8220;center&#8220; global_colors_info=&#8220;{}&#8220;]<a class=\"et_pb_button et_pb_more_button et_pb_button_two\" href=\"https:\/\/www.facebook.com\/femalecoderslinz\/\" target=\"_blank\" rel=\"noopener noreferrer\"><i class=\"fab fa-facebook-f\"><\/i><\/a><!-- [et_pb_line_break_holder] --><a class=\"et_pb_button et_pb_more_button et_pb_button_two\" href=\"https:\/\/www.meetup.com\/de-DE\/Female-Coders-Linz\/\" target=\"_blank\" rel=\"noopener noreferrer\"><i class=\"fab fa-meetup\"><\/i><\/a><!-- [et_pb_line_break_holder] --><a class=\"et_pb_button et_pb_more_button et_pb_button_two\" href=\"https:\/\/female-coders.slack.com\/\" target=\"_blank\" rel=\"noopener noreferrer\"><i class=\"fab fa-slack\"><\/i><\/a><!-- [et_pb_line_break_holder] --><a class=\"et_pb_button et_pb_more_button et_pb_button_two\" href=\"https:\/\/twitter.com\/FemaleCodersLnz\" target=\"_blank\" rel=\"noopener noreferrer\"><i class=\"fab fa-twitter\"><\/i><\/a><!-- [et_pb_line_break_holder] --><a class=\"et_pb_button et_pb_more_button et_pb_button_two\" href=\"https:\/\/www.instagram.com\/femalecoderslinz\" target=\"_blank\" rel=\"noopener noreferrer\"><i class=\"fab fa-instagram\"><\/i><\/a><!-- [et_pb_line_break_holder] -->[\/et_pb_code][\/et_pb_column][et_pb_column type=&#8220;1_2&#8243; _builder_version=&#8220;3.25&#8243; background_image=&#8220;https:\/\/www.female-coders.at\/wp-content\/uploads\/2019\/07\/column-background-02.png&#8220; custom_padding=&#8220;50px|50px|50px|50px&#8220; custom_padding_tablet=&#8220;&#8220; custom_padding_phone=&#8220;20px|20px|20px|20px|true|true&#8220; custom_padding_last_edited=&#8220;on|phone&#8220; global_colors_info=&#8220;{}&#8220; custom_padding__hover=&#8220;|||&#8220;][et_pb_image src=&#8220;https:\/\/www.female-coders.at\/wp-content\/uploads\/2019\/07\/cnbrsqj8mhq.jpg&#8220; title_text=&#8220;Photo by Barni Rajah&#8220; align_tablet=&#8220;center&#8220; align_phone=&#8220;&#8220; align_last_edited=&#8220;on|desktop&#8220; _builder_version=&#8220;4.11.3&#8243; animation_style=&#8220;zoom&#8220; animation_intensity_zoom=&#8220;10%&#8220; box_shadow_style=&#8220;preset1&#8243; box_shadow_vertical=&#8220;32px&#8220; box_shadow_blur=&#8220;100px&#8220; box_shadow_color=&#8220;rgba(0,0,0,0.15)&#8220; global_colors_info=&#8220;{}&#8220;][\/et_pb_image][\/et_pb_column][\/et_pb_row][\/et_pb_section]<\/p>\n","protected":false},"excerpt":{"rendered":"<p>&gt;_ ZweckDieser Verhaltenskodex umrei\u00dft unsere Erwartungen an alle, die an unserer Gemeinschaft teilnehmen, sowie die Konsequenzen f\u00fcr inakzeptables Verhalten. Wir laden alle ein, die an Female Coders StudyGroups oder Workshops teilnehmen, uns dabei zu helfen, das Teilnehmen zu einer sicheren und positiven Erfahrung f\u00fcr alle zu machen.&gt;_ Open Source CitizenshipEin zus\u00e4tzliches Ziel dieses Verhaltenskodex ist [&hellip;]<\/p>\n","protected":false},"author":2,"featured_media":0,"parent":0,"menu_order":2,"comment_status":"closed","ping_status":"closed","template":"","meta":{"_et_pb_use_builder":"on","_et_pb_old_content":"<!-- wp:divi\/placeholder \/-->","_et_gb_content_width":"","footnotes":""},"class_list":["post-944","page","type-page","status-publish","hentry"],"_links":{"self":[{"href":"https:\/\/female-coders.at\/en\/wp-json\/wp\/v2\/pages\/944","targetHints":{"allow":["GET"]}}],"collection":[{"href":"https:\/\/female-coders.at\/en\/wp-json\/wp\/v2\/pages"}],"about":[{"href":"https:\/\/female-coders.at\/en\/wp-json\/wp\/v2\/types\/page"}],"author":[{"embeddable":true,"href":"https:\/\/female-coders.at\/en\/wp-json\/wp\/v2\/users\/2"}],"replies":[{"embeddable":true,"href":"https:\/\/female-coders.at\/en\/wp-json\/wp\/v2\/comments?post=944"}],"version-history":[{"count":10,"href":"https:\/\/female-coders.at\/en\/wp-json\/wp\/v2\/pages\/944\/revisions"}],"predecessor-version":[{"id":1774,"href":"https:\/\/female-coders.at\/en\/wp-json\/wp\/v2\/pages\/944\/revisions\/1774"}],"wp:attachment":[{"href":"https:\/\/female-coders.at\/en\/wp-json\/wp\/v2\/media?parent=944"}],"curies":[{"name":"wp","href":"https:\/\/api.w.org\/{rel}","templated":true}]}}