{"id":2443,"date":"2024-02-04T15:26:56","date_gmt":"2024-02-04T14:26:56","guid":{"rendered":"https:\/\/female-coders.at\/?page_id=2443"},"modified":"2024-05-19T18:00:54","modified_gmt":"2024-05-19T16:00:54","slug":"hackathon-2024-vienna","status":"publish","type":"page","link":"https:\/\/female-coders.at\/en\/hackathon-2024-vienna\/","title":{"rendered":"Hackathon 2024 | Vienna"},"content":{"rendered":"<p>[et_pb_section fb_built=&#8220;1&#8243; fullwidth=&#8220;on&#8220; _builder_version=&#8220;4.16&#8243; _module_preset=&#8220;default&#8220; background_color=&#8220;#e1d1eb&#8220; global_colors_info=&#8220;{}&#8220;][et_pb_fullwidth_image src=&#8220;https:\/\/www.female-coders.at\/wp-content\/uploads\/2024\/05\/IMG_0731-scaled.jpg&#8220; title_text=&#8220;IMG_0731&#8243; admin_label=&#8220;Vollbreites Bild&#8220; _builder_version=&#8220;4.24.2&#8243; _module_preset=&#8220;default&#8220; max_width=&#8220;1200px&#8220; module_alignment=&#8220;center&#8220; global_colors_info=&#8220;{}&#8220;][\/et_pb_fullwidth_image][\/et_pb_section][et_pb_section fb_built=&#8220;1&#8243; admin_label=&#8220;Intro text&#8220; _builder_version=&#8220;4.16.0&#8243; custom_margin=&#8220;2%||||false|false&#8220; custom_padding=&#8220;0px|||||&#8220; collapsed=&#8220;off&#8220; global_colors_info=&#8220;{}&#8220;][et_pb_row admin_label=&#8220;intro&#8220; _builder_version=&#8220;4.16.0&#8243; custom_padding=&#8220;2px|||||&#8220; global_colors_info=&#8220;{}&#8220;][et_pb_column type=&#8220;4_4&#8243; _builder_version=&#8220;4.16&#8243; global_colors_info=&#8220;{}&#8220;][et_pb_text admin_label=&#8220;Text&#8220; _builder_version=&#8220;4.24.2&#8243; text_font=&#8220;||||||||&#8220; text_font_size=&#8220;16px&#8220; text_line_height=&#8220;1.9em&#8220; header_font=&#8220;Raleway|300|||||||&#8220; header_font_size=&#8220;60px&#8220; header_2_font=&#8220;Roboto|300|||||||&#8220; header_2_font_size=&#8220;50px&#8220; header_2_line_height=&#8220;1.4em&#8220; custom_padding=&#8220;||0px|||&#8220; header_2_font_size_tablet=&#8220;40px&#8220; header_2_font_size_phone=&#8220;32px&#8220; header_2_font_size_last_edited=&#8220;on|phone&#8220; global_colors_info=&#8220;{}&#8220;]<\/p>\n<h2>Coding Beyond Competition &#8211; das war unser 4. Female Coders Hackathon<\/h2>\n<h3>Wien hat zum Hackathon gerufen<\/h3>\n<p>Die Erfolgsgeschichte des Hackathons ging weiter am 13. April 2024 in Wien weiter. Zu den Projekten im Bereich Internet der Dinge geh\u00f6rten eine Wetterstation f\u00fcr den Innenbereich, ein benutzerdefinierter Controller zur Steuerung eines Spiels, der ebenfalls an diesem Tag entwickelt wurde, und ein benutzerdefiniertes Soundger\u00e4t, das von elektronischer Musik inspiriert wurde.<\/p>\n<p>In unserem gr\u00f6\u00dften Track, dem Web-Track, arbeiteten acht verschiedene Teams an unterschiedlichen Websites. Femtech war eine Website, die darauf abzielt, Kunden mit handwerklich begabten Frauen zusammenzubringen. Schrauberei.at ist eine Website, die Frauen dazu ermutigen soll, an ihren Motorr\u00e4dern und Autos zu arbeiten. Neuroderma ist ein Tracker, der Menschen mit Neurodermitis hilft, die Dinge zu erkennen, die die Krankheit verschlimmern. In der Crime Map analysierte unser Teilnehmer offizielle Berichte von polizei.at und visualisierte die Orte auf einer Karte, um hei\u00dfe Gebiete hervorzuheben.<\/p>\n<p>Eine Gruppe versuchte, die Funktion von Proteinen anhand ihrer Aminos\u00e4uresequenzen vorherzusagen, und eine andere Gruppe versuchte im Track K\u00fcnstliche Intelligenz, die Struktur von Kristalldaten vorherzusagen.<br \/>\nBei Hateometer trainierte eine Gruppe ein KI-Modell auf Social-Media-Posts, um Hassreden zu erkennen, und eine andere Gruppe versuchte, ein Modell zu trainieren, um die Hauptfarbe eines Bildes zu finden und farbenblinden Menschen bei der Wahl ihrer Kleidung zu helfen.<\/p>\n<p>Es ist immer wieder erstaunlich, welche Projekte an nur einem Tag gestartet werden k\u00f6nnen, wie viel unsere Teilnehmer lernen und wie gut ihre Teams zusammenarbeiten, auch wenn sie sich erst an diesem Tag kennenlernen.<\/p>\n<p><img loading=\"lazy\" decoding=\"async\" class=\"wp-image-2633 alignnone size-medium\" src=\"https:\/\/www.female-coders.at\/wp-content\/uploads\/2024\/05\/53656374023_7aaa268df3_c-300x200.jpg\" alt=\"\" width=\"300\" height=\"200\" srcset=\"https:\/\/female-coders.at\/wp-content\/uploads\/2024\/05\/53656374023_7aaa268df3_c-300x200.jpg 300w, https:\/\/female-coders.at\/wp-content\/uploads\/2024\/05\/53656374023_7aaa268df3_c-768x512.jpg 768w, https:\/\/female-coders.at\/wp-content\/uploads\/2024\/05\/53656374023_7aaa268df3_c-18x12.jpg 18w, https:\/\/female-coders.at\/wp-content\/uploads\/2024\/05\/53656374023_7aaa268df3_c-480x320.jpg 480w, https:\/\/female-coders.at\/wp-content\/uploads\/2024\/05\/53656374023_7aaa268df3_c.jpg 799w\" sizes=\"(max-width: 300px) 100vw, 300px\" \/><\/p>\n<p>Zur vollst\u00e4ndigen <a href=\"https:\/\/www.flickr.com\/photos\/198282272@N02\/albums\/72177720316249739\/\" data-wplink-edit=\"true\">Flickr-Bildergalerie<\/a><\/p>\n<p>&nbsp;<\/p>\n<h3>Die Projekte im \u00dcberblick \ud83d\ude80<\/h3>\n<p>Cleaning up your personal PC<\/p>\n<p>IOT<\/p>\n<ul>\n<li aria-level=\"1\">IOT DJ<\/li>\n<li aria-level=\"1\">IOT gesteuertes Computerspiel \/ electronics fun<\/li>\n<li aria-level=\"1\">IOT temperatur sensor mit gehosteter website<\/li>\n<\/ul>\n<p>&nbsp;<\/p>\n<p>Web<\/p>\n<ul>\n<li aria-level=\"1\">A home buddy goes outside<\/li>\n<li aria-level=\"1\">schrauberei.at<\/li>\n<li aria-level=\"1\">Femtech &#8211; handwerkerinnen vermittlung<\/li>\n<li aria-level=\"1\">Crime map<\/li>\n<li aria-level=\"1\">Parrot app<\/li>\n<li aria-level=\"1\">Event app<\/li>\n<li aria-level=\"1\">Restaurant recommender<\/li>\n<li aria-level=\"1\">Neuroderma<\/li>\n<\/ul>\n<p>&nbsp;<\/p>\n<p>AI<\/p>\n<ul>\n<li aria-level=\"1\">Crystal data prediction<\/li>\n<li aria-level=\"1\">Protein function prediction<\/li>\n<li aria-level=\"1\">Main color finder<\/li>\n<li aria-level=\"1\">Check your emotions &#8211; diary analysis<\/li>\n<li aria-level=\"1\">Hateometer<\/li>\n<\/ul>\n<p>&nbsp;<\/p>\n<p>&nbsp;[\/et_pb_text][et_pb_button button_url=&#8220;https:\/\/forms.gle\/xr7godFVSM5tD1Uz5&#8243; url_new_window=&#8220;on&#8220; button_text=&#8220;Jetzt anmelden&#8220; admin_label=&#8220;Link&#8220; _builder_version=&#8220;4.24.2&#8243; _module_preset=&#8220;default&#8220; global_colors_info=&#8220;{}&#8220; disabled_on=&#8220;on|on|on&#8220; disabled=&#8220;on&#8220;][\/et_pb_button][\/et_pb_column][\/et_pb_row][\/et_pb_section][et_pb_section fb_built=&#8220;1&#8243; disabled_on=&#8220;on|on|on&#8220; admin_label=&#8220;Agenda&#8220; _builder_version=&#8220;4.16&#8243; custom_padding=&#8220;0px||0px|||&#8220; disabled=&#8220;on&#8220; collapsed=&#8220;off&#8220; global_colors_info=&#8220;{}&#8220;][et_pb_row _builder_version=&#8220;4.16&#8243; scroll_vertical_motion_enable=&#8220;off&#8220; global_colors_info=&#8220;{}&#8220;][et_pb_column type=&#8220;4_4&#8243; _builder_version=&#8220;4.16&#8243; global_colors_info=&#8220;{}&#8220;][et_pb_text admin_label=&#8220;Heading&#8220; _builder_version=&#8220;4.24.0&#8243; text_font=&#8220;||||||||&#8220; text_font_size=&#8220;16px&#8220; text_line_height=&#8220;1.9em&#8220; header_font=&#8220;Raleway|300|||||||&#8220; header_font_size=&#8220;60px&#8220; header_2_font=&#8220;Roboto|300|||||||&#8220; header_2_font_size=&#8220;50px&#8220; header_2_line_height=&#8220;1.4em&#8220; custom_padding=&#8220;||0px|||&#8220; header_2_font_size_tablet=&#8220;40px&#8220; header_2_font_size_phone=&#8220;32px&#8220; header_2_font_size_last_edited=&#8220;on|phone&#8220; global_colors_info=&#8220;{}&#8220;]<\/p>\n<h2>Agenda<\/h2>\n<p>[\/et_pb_text][et_pb_code admin_label=&#8220;Agenda Inhalt hier&#8220; _builder_version=&#8220;4.24.0&#8243; global_colors_info=&#8220;{}&#8220;]<\/p>\n<div id=\"content-agenda\"><!-- [et_pb_line_break_holder] -->    <\/p>\n<ul class=\"agendalist \"><!-- [et_pb_line_break_holder] -->\t\t<\/p>\n<li class=\"agenda\" data-date=\"\ud83d\udd13 \u2615\"><!-- [et_pb_line_break_holder] --><br \/>\n<h3>Wir \u00f6ffnen unsere T\u00fcren<\/h3>\n<p><!-- [et_pb_line_break_holder] -->\t\t\t<pee>08:00<\/pee><!-- [et_pb_line_break_holder] -->\t\t<\/li>\n<p><!-- [et_pb_line_break_holder] -->\t\t<\/p>\n<li class=\"agenda\" data-date=\"\ud83c\udf3b \ud83d\udc4b\"><!-- [et_pb_line_break_holder] --><br \/>\n<h3>Begr\u00fc\u00dfung<\/h3>\n<p><!-- [et_pb_line_break_holder] -->\t\t\t<pee>08:30<\/pee><!-- [et_pb_line_break_holder] -->\t\t<\/li>\n<p><!-- [et_pb_line_break_holder] -->\t\t<\/p>\n<li class=\"agenda\" data-date=\"\ud83e\udd14 \ud83d\ude80\"><!-- [et_pb_line_break_holder] --><br \/>\n<h3>Start: Track Wahl &#038; Gruppenfindung<\/h3>\n<p><!-- [et_pb_line_break_holder] -->\t\t\t<pee>09:00<\/pee><!-- [et_pb_line_break_holder] -->\t\t<\/li>\n<p><!-- [et_pb_line_break_holder] -->\t\t<\/p>\n<li class=\"agenda\" data-date=\"\ud83d\udc69\u200d\ud83d\udcbb \u2764\ufe0f\"><!-- [et_pb_line_break_holder] --><br \/>\n<h3>Hacking<\/h3>\n<p><!-- [et_pb_line_break_holder] -->\t\t\t<pee>11:00<\/pee><!-- [et_pb_line_break_holder] -->\t\t<\/li>\n<p><!-- [et_pb_line_break_holder] -->\t\t<\/p>\n<li class=\"agenda\" data-date=\"\ud83c\udf71\"><!-- [et_pb_line_break_holder] --><br \/>\n<h3>Mittagsbuffet<\/h3>\n<p><!-- [et_pb_line_break_holder] -->\t\t\t<pee>13:00<\/pee><!-- [et_pb_line_break_holder] -->\t\t<\/li>\n<p><!-- [et_pb_line_break_holder] -->    <\/p>\n<li class=\"agenda\" data-date=\"\ud83d\udc69\u200d\ud83d\udcbb \u2764\ufe0f\"><!-- [et_pb_line_break_holder] --><br \/>\n<h3>Hacking continued<\/h3>\n<p><!-- [et_pb_line_break_holder] -->\t\t\t<pee>14:00<\/pee><!-- [et_pb_line_break_holder] -->\t\t<\/li>\n<p><!-- [et_pb_line_break_holder] -->    <\/p>\n<li class=\"agenda\" data-date=\"\ud83d\udcf8 \u2b50\"><!-- [et_pb_line_break_holder] --><br \/>\n<h3>Gruppenfoto<\/h3>\n<p><!-- [et_pb_line_break_holder] -->\t\t\t<pee>16:00<\/pee><!-- [et_pb_line_break_holder] -->\t\t<\/li>\n<p><!-- [et_pb_line_break_holder] -->\t\t<\/p>\n<li class=\"agenda\" data-date=\"\ud83e\udd29 \ud83c\udf89\"><!-- [et_pb_line_break_holder] --><br \/>\n<h3>Pr\u00e4sentationen der Projekte<\/h3>\n<p><!-- [et_pb_line_break_holder] -->\t\t\t<pee>18:00<\/pee><!-- [et_pb_line_break_holder] -->\t\t<\/li>\n<p><!-- [et_pb_line_break_holder] -->\t\t<\/p>\n<li class=\"agenda\" data-date=\"\ud83e\udd42 \ud83c\udf55\"><!-- [et_pb_line_break_holder] --><br \/>\n<h3>Abendessen &#038; After party<\/h3>\n<p><!-- [et_pb_line_break_holder] -->\t\t\t<pee>19:00<\/pee><!-- [et_pb_line_break_holder] -->\t\t<\/li>\n<p><!-- [et_pb_line_break_holder] -->\t<\/ul>\n<p><!-- [et_pb_line_break_holder] --><\/div>\n<p><!-- [et_pb_line_break_holder] -->[\/et_pb_code][\/et_pb_column][\/et_pb_row][\/et_pb_section][et_pb_section fb_built=&#8220;1&#8243; disabled_on=&#8220;on|on|on&#8220; _builder_version=&#8220;4.16&#8243; custom_padding=&#8220;43px|||||&#8220; disabled=&#8220;on&#8220; global_colors_info=&#8220;{}&#8220;][et_pb_row _builder_version=&#8220;4.16&#8243; global_colors_info=&#8220;{}&#8220;][et_pb_column type=&#8220;4_4&#8243; _builder_version=&#8220;4.16&#8243; global_colors_info=&#8220;{}&#8220;][et_pb_text admin_label=&#8220;FAQ&#8220; _builder_version=&#8220;4.16&#8243; text_font=&#8220;||||||||&#8220; text_font_size=&#8220;16px&#8220; text_line_height=&#8220;1.9em&#8220; header_font=&#8220;Raleway|300|||||||&#8220; header_font_size=&#8220;60px&#8220; header_2_font=&#8220;Roboto|300|||||||&#8220; header_2_font_size=&#8220;50px&#8220; header_2_line_height=&#8220;1.4em&#8220; custom_padding=&#8220;||0px|||&#8220; header_2_font_size_tablet=&#8220;40px&#8220; header_2_font_size_phone=&#8220;32px&#8220; header_2_font_size_last_edited=&#8220;on|phone&#8220; global_colors_info=&#8220;{}&#8220;]<\/p>\n<h2>H\u00e4ufig gestellte Fragen<\/h2>\n<p>&nbsp;<br \/>\n[\/et_pb_text][\/et_pb_column][\/et_pb_row][et_pb_row _builder_version=&#8220;4.24.0&#8243; collapsed=&#8220;on&#8220; global_colors_info=&#8220;{}&#8220;][et_pb_column type=&#8220;4_4&#8243; _builder_version=&#8220;4.16&#8243; global_colors_info=&#8220;{}&#8220;][et_pb_accordion open_toggle_text_color=&#8220;#8300e9&#8243; open_toggle_background_color=&#8220;rgba(0,0,0,0)&#8220; admin_label=&#8220;Akkordeon&#8220; _builder_version=&#8220;4.24.0&#8243; toggle_text_color=&#8220;#000000&#8243; custom_margin=&#8220;|3px||||&#8220; global_colors_info=&#8220;{}&#8220;][et_pb_accordion_item title=&#8220;Ich kann (noch) nicht Programmieren. Kann ich trotzdem teilnehmen?&#8220; open=&#8220;on&#8220; _builder_version=&#8220;4.24.0&#8243; global_colors_info=&#8220;{}&#8220;]<\/p>\n<p>Nat\u00fcrlich! Der Hackathon ist daf\u00fcr designed, Neulinge bei ihren ersten Programmier-Projekten zu unterst\u00fctzen, aber auch erfahrenen Programmiererinnen* die Chance zu geben, einen Tag lang fokussiert an Projekten zu arbeiten. Wir m\u00f6chten <a href=\"https:\/\/de.wikipedia.org\/wiki\/FLINTA*\">FINTAs<\/a> aus unterschiedlichen Hintergr\u00fcnden und Disziplinen einladen, da bei einem Hackathon verschiedenste Qualifikationen gebraucht werden &#8211; vom Software-Entwickeln \u00fcber Texte verfassen bis hin zu UI\/UX Design.<\/p>\n<p>In drei unserer vier Tracks werden wir Anleitungen zur Verf\u00fcgung stellen, die erste Schritte in dem Thema erkl\u00e4ren und euch erm\u00f6glichen, eigene Ideen umzusetzen. Unsere Mentorinnen* stehen euch den ganzen Tag zur Seite. Bringt einfach gute Laune, Motivation Neues zu Lernen und Freude mit!<\/p>\n<p>[\/et_pb_accordion_item][et_pb_accordion_item title=&#8220;Ich habe noch nie bei einem Hackathon teilgenommen. Kann ich trotzdem teilnehmen?&#8220; _builder_version=&#8220;4.24.0&#8243; global_colors_info=&#8220;{}&#8220;]<\/p>\n<p>Nat\u00fcrlich! Es gibt f\u00fcr alles ein erstes Mal. <img decoding=\"async\" src=\"https:\/\/www.female-coders.at\/wp-content\/themes\/Divi\/includes\/builder\/frontend-builder\/assets\/vendors\/plugins\/emoticons\/img\/smiley-smile.gif\" alt=\"smile\" \/><\/p>\n<p>[\/et_pb_accordion_item][et_pb_accordion_item title=&#8220;Ist diese Veranstaltung nur f\u00fcr Frauen?&#8220; _builder_version=&#8220;4.24.0&#8243; global_colors_info=&#8220;{}&#8220;]<\/p>\n<p>Nicht nur! Unser Hackathon ist ein Safe Space f\u00fcr Gruppen, die normalerweise in der IT unterrepr\u00e4sentiert sind, darum laden wir zu unserem Hackathon alle IT-interessierten <a href=\"https:\/\/de.wikipedia.org\/wiki\/FLINTA\">FINTA*s<\/a> ab 15 Jahren ein.<\/p>\n<p>[\/et_pb_accordion_item][et_pb_accordion_item title=&#8220;Wieviel kostet die Teilnahme?&#8220; _builder_version=&#8220;4.24.0&#8243; global_colors_info=&#8220;{}&#8220;]<\/p>\n<p>Dank unserer gro\u00dfz\u00fcgigen Partnerinnen und Sponsorinnen ist dieser Hackathon f\u00fcr Teilnehmerinnen absolut kostenfrei. Die Infrastruktur und Verpflegung um gut durch den Tag zu Kommen wird von uns zur Verf\u00fcgung gestellt.<br \/>Da es allerdings nur limitierte Pl\u00e4tze gibt, bitten wir euch um eine verl\u00e4ssliche Online-Registrierung.<\/p>\n<p>[\/et_pb_accordion_item][et_pb_accordion_item title=&#8220;Was muss ich mitbringen?&#8220; _builder_version=&#8220;4.16&#8243; global_colors_info=&#8220;{}&#8220;]Bitte bring deinen Laptop und Ladegr\u00e4te mit. Falls du keinen geeigneten Laptop hast, kannst du dir gerne einen borgen &#8211; lass es uns einfach bei der Registrierung wissen, dann bereiten wir ein Leihger\u00e4t f\u00fcr dich vor.<\/p>\n<p>Bring auf jedenfall viel Motivation, Freude und Begeisterung mit! <img decoding=\"async\" src=\"https:\/\/www.female-coders.at\/wp-content\/themes\/Divi\/includes\/builder\/frontend-builder\/assets\/vendors\/plugins\/emoticons\/img\/smiley-smile.gif\" alt=\"smile\" \/><br \/>\n[\/et_pb_accordion_item][et_pb_accordion_item title=&#8220;Wer sind die Mentorinnen*?&#8220; _builder_version=&#8220;4.24.0&#8243; global_colors_info=&#8220;{}&#8220;]<\/p>\n<p>Unsere Mentorinnen* sind Personen, die rund um und in der IT arbeiten &#8211; unter anderem als Java oder Web Entwicklerinnen oder Data Scientists. Sie werden den ganzen Tag vor Ort sein um euch bei etwaigen Fragen und Problemstellungen zur Seite zu stehen.<\/p>\n<p>[\/et_pb_accordion_item][et_pb_accordion_item title=&#8220;Muss ich im Team kommen?&#8220; _builder_version=&#8220;4.24.0&#8243; global_colors_info=&#8220;{}&#8220;]<\/p>\n<p>Du kannst alleine oder im Team zum Hackathon kommen. Allerdings bitten wir euch, euch einzeln anzumelden, damit wir die Teilnehmerinnen-Zahl gut im Blick haben.<\/p>\n<p>Falls du noch kein Team hast, ist das gar kein Problem! Wir werden am Tag des Hackathons zu Beginn des Tages Gruppen finden.<\/p>\n<p>[\/et_pb_accordion_item][\/et_pb_accordion][\/et_pb_column][\/et_pb_row][\/et_pb_section][et_pb_section fb_built=&#8220;1&#8243; _builder_version=&#8220;4.16&#8243; global_colors_info=&#8220;{}&#8220;][et_pb_row admin_label=&#8220;Sponsoren&#8220; _builder_version=&#8220;4.16&#8243; global_colors_info=&#8220;{}&#8220;][et_pb_column type=&#8220;4_4&#8243; _builder_version=&#8220;4.16&#8243; global_colors_info=&#8220;{}&#8220;][et_pb_text admin_label=&#8220;Text&#8220; _builder_version=&#8220;4.24.0&#8243; text_font_size=&#8220;16px&#8220; header_font=&#8220;Raleway|300|||||||&#8220; header_font_size=&#8220;60px&#8220; global_colors_info=&#8220;{}&#8220;]<\/p>\n<h1 style=\"text-align: center;\">Sponsorin<\/h1>\n<p style=\"text-align: center;\">[\/et_pb_text][\/et_pb_column][\/et_pb_row][et_pb_row column_structure=&#8220;1_3,1_3,1_3&#8243; admin_label=&#8220;Zeile&#8220; _builder_version=&#8220;4.16.0&#8243; collapsed=&#8220;off&#8220; global_colors_info=&#8220;{}&#8220;][et_pb_column type=&#8220;1_3&#8243; _builder_version=&#8220;4.16.0&#8243; global_colors_info=&#8220;{}&#8220;][\/et_pb_column][et_pb_column type=&#8220;1_3&#8243; _builder_version=&#8220;4.16&#8243; global_colors_info=&#8220;{}&#8220;][et_pb_image src=&#8220;https:\/\/www.female-coders.at\/wp-content\/uploads\/2023\/03\/Cloudflight_Logo_RGB__RGB-Logotype-blue.png&#8220; title_text=&#8220;Cloudflight_Logo_RGB__RGB Logotype &#8211; blue&#8220; url=&#8220;https:\/\/www.cloudflight.io\/&#8220; url_new_window=&#8220;on&#8220; _builder_version=&#8220;4.24.0&#8243; animation_style=&#8220;fade&#8220; global_colors_info=&#8220;{}&#8220;][\/et_pb_image][\/et_pb_column][et_pb_column type=&#8220;1_3&#8243; _builder_version=&#8220;4.16&#8243; global_colors_info=&#8220;{}&#8220;][\/et_pb_column][\/et_pb_row][\/et_pb_section][et_pb_section fb_built=&#8220;1&#8243; admin_label=&#8220;social media &#8211; de&#8220; _builder_version=&#8220;3.22.3&#8243; global_module=&#8220;919&#8243; saved_tabs=&#8220;all&#8220; locked=&#8220;off&#8220; global_colors_info=&#8220;{}&#8220;][et_pb_row column_structure=&#8220;1_2,1_2&#8243; padding_top_bottom_link_1=&#8220;true&#8220; padding_left_right_link_1=&#8220;true&#8220; _builder_version=&#8220;4.16&#8243; custom_padding=&#8220;||128px|||&#8220; global_colors_info=&#8220;{}&#8220;][et_pb_column type=&#8220;1_2&#8243; _builder_version=&#8220;4.16&#8243; custom_padding=&#8220;10%|||&#8220; custom_padding_tablet=&#8220;0px|||&#8220; custom_padding_phone=&#8220;&#8220; custom_padding_last_edited=&#8220;on|desktop&#8220; global_colors_info=&#8220;{}&#8220; custom_padding__hover=&#8220;|||&#8220;][et_pb_text _builder_version=&#8220;4.16&#8243; text_font=&#8220;||||||||&#8220; text_font_size=&#8220;16px&#8220; text_line_height=&#8220;1.9em&#8220; header_font=&#8220;||||||||&#8220; header_2_font=&#8220;Roboto|300|||||||&#8220; header_2_font_size=&#8220;50px&#8220; header_2_line_height=&#8220;1.4em&#8220; text_orientation=&#8220;center&#8220; header_2_font_size_tablet=&#8220;40px&#8220; header_2_font_size_phone=&#8220;32px&#8220; header_2_font_size_last_edited=&#8220;on|phone&#8220; text_text_align=&#8220;center&#8220; global_colors_info=&#8220;{}&#8220;]<\/p>\n<h2>Find us on&#8230;<\/h2>\n<p>[\/et_pb_text][et_pb_code _builder_version=&#8220;4.16&#8243; text_orientation=&#8220;center&#8220; global_colors_info=&#8220;{}&#8220;]<a class=\"et_pb_button et_pb_more_button et_pb_button_two\" href=\"https:\/\/www.facebook.com\/femalecoderslinz\/\" target=\"_blank\" rel=\"noopener noreferrer\"><i class=\"fab fa-facebook-f\"><\/i><\/a><!-- [et_pb_line_break_holder] --><a class=\"et_pb_button et_pb_more_button et_pb_button_two\" href=\"https:\/\/www.meetup.com\/de-DE\/Female-Coders-Linz\/\" target=\"_blank\" rel=\"noopener noreferrer\"><i class=\"fab fa-meetup\"><\/i><\/a><!-- [et_pb_line_break_holder] --><a class=\"et_pb_button et_pb_more_button et_pb_button_two\" href=\"https:\/\/female-coders.slack.com\/\" target=\"_blank\" rel=\"noopener noreferrer\"><i class=\"fab fa-slack\"><\/i><\/a><!-- [et_pb_line_break_holder] --><a class=\"et_pb_button et_pb_more_button et_pb_button_two\" href=\"https:\/\/twitter.com\/FemaleCodersLnz\" target=\"_blank\" rel=\"noopener noreferrer\"><i class=\"fab fa-twitter\"><\/i><\/a><!-- [et_pb_line_break_holder] --><a class=\"et_pb_button et_pb_more_button et_pb_button_two\" href=\"https:\/\/www.instagram.com\/femalecoderslinz\" target=\"_blank\" rel=\"noopener noreferrer\"><i class=\"fab fa-instagram\"><\/i><\/a><!-- [et_pb_line_break_holder] -->[\/et_pb_code][\/et_pb_column][et_pb_column type=&#8220;1_2&#8243; _builder_version=&#8220;4.16&#8243; background_image=&#8220;https:\/\/www.female-coders.at\/wp-content\/uploads\/2019\/07\/column-background-02.png&#8220; custom_padding=&#8220;50px|50px|50px|50px&#8220; custom_padding_tablet=&#8220;&#8220; custom_padding_phone=&#8220;20px|20px|20px|20px|true|true&#8220; custom_padding_last_edited=&#8220;on|phone&#8220; global_colors_info=&#8220;{}&#8220; custom_padding__hover=&#8220;|||&#8220;][et_pb_image src=&#8220;https:\/\/www.female-coders.at\/wp-content\/uploads\/2019\/07\/cnbrsqj8mhq.jpg&#8220; title_text=&#8220;Photo by Barni Rajah&#8220; align_tablet=&#8220;center&#8220; align_phone=&#8220;&#8220; align_last_edited=&#8220;on|desktop&#8220; _builder_version=&#8220;4.24.0&#8243; animation_style=&#8220;zoom&#8220; animation_intensity_zoom=&#8220;10%&#8220; box_shadow_style=&#8220;preset1&#8243; box_shadow_vertical=&#8220;32px&#8220; box_shadow_blur=&#8220;100px&#8220; box_shadow_color=&#8220;rgba(0,0,0,0.15)&#8220; global_colors_info=&#8220;{}&#8220;][\/et_pb_image][\/et_pb_column][\/et_pb_row][\/et_pb_section]<\/p>\n","protected":false},"excerpt":{"rendered":"<p>Coding Beyond Competition &#8211; das war unser 4. Female Coders Hackathon Wien hat zum Hackathon gerufen Die Erfolgsgeschichte des Hackathons ging weiter am 13. April 2024 in Wien weiter. Zu den Projekten im Bereich Internet der Dinge geh\u00f6rten eine Wetterstation f\u00fcr den Innenbereich, ein benutzerdefinierter Controller zur Steuerung eines Spiels, der ebenfalls an diesem Tag [&hellip;]<\/p>\n","protected":false},"author":5,"featured_media":2511,"parent":0,"menu_order":10,"comment_status":"closed","ping_status":"closed","template":"","meta":{"_et_pb_use_builder":"on","_et_pb_old_content":"<!-- wp:divi\/placeholder \/-->","_et_gb_content_width":"","footnotes":""},"class_list":["post-2443","page","type-page","status-publish","has-post-thumbnail","hentry"],"_links":{"self":[{"href":"https:\/\/female-coders.at\/en\/wp-json\/wp\/v2\/pages\/2443","targetHints":{"allow":["GET"]}}],"collection":[{"href":"https:\/\/female-coders.at\/en\/wp-json\/wp\/v2\/pages"}],"about":[{"href":"https:\/\/female-coders.at\/en\/wp-json\/wp\/v2\/types\/page"}],"author":[{"embeddable":true,"href":"https:\/\/female-coders.at\/en\/wp-json\/wp\/v2\/users\/5"}],"replies":[{"embeddable":true,"href":"https:\/\/female-coders.at\/en\/wp-json\/wp\/v2\/comments?post=2443"}],"version-history":[{"count":28,"href":"https:\/\/female-coders.at\/en\/wp-json\/wp\/v2\/pages\/2443\/revisions"}],"predecessor-version":[{"id":2637,"href":"https:\/\/female-coders.at\/en\/wp-json\/wp\/v2\/pages\/2443\/revisions\/2637"}],"wp:featuredmedia":[{"embeddable":true,"href":"https:\/\/female-coders.at\/en\/wp-json\/wp\/v2\/media\/2511"}],"wp:attachment":[{"href":"https:\/\/female-coders.at\/en\/wp-json\/wp\/v2\/media?parent=2443"}],"curies":[{"name":"wp","href":"https:\/\/api.w.org\/{rel}","templated":true}]}}