{"id":2147,"date":"2023-01-30T12:10:52","date_gmt":"2023-01-30T11:10:52","guid":{"rendered":"https:\/\/female-coders.at\/?page_id=2147"},"modified":"2023-01-31T13:15:39","modified_gmt":"2023-01-31T12:15:39","slug":"become-a-mentor","status":"publish","type":"page","link":"https:\/\/female-coders.at\/en\/become-a-mentor\/","title":{"rendered":"Become a mentor"},"content":{"rendered":"<p>[et_pb_section fb_built=&#8220;1&#8243; fullwidth=&#8220;on&#8220; _builder_version=&#8220;4.19.2&#8243; _module_preset=&#8220;default&#8220; background_color=&#8220;#c1a8d7&#8243; global_colors_info=&#8220;{}&#8220;][et_pb_fullwidth_image src=&#8220;https:\/\/www.female-coders.at\/wp-content\/uploads\/2023\/01\/BecomeAMentorHeader.png&#8220; title_text=&#8220;BecomeAMentorHeader&#8220; admin_label=&#8220;Vollbreites Bild&#8220; _builder_version=&#8220;4.19.2&#8243; _module_preset=&#8220;default&#8220; background_color=&#8220;#c1a8d7&#8243; max_width=&#8220;1200px&#8220; module_alignment=&#8220;center&#8220; global_colors_info=&#8220;{}&#8220;][\/et_pb_fullwidth_image][\/et_pb_section][et_pb_section fb_built=&#8220;1&#8243; admin_label=&#8220;conference&#8220; _builder_version=&#8220;4.19.2&#8243; custom_margin=&#8220;2%||||false|false&#8220; custom_padding=&#8220;0px|||||&#8220; collapsed=&#8220;off&#8220; global_colors_info=&#8220;{}&#8220;][et_pb_row make_equal=&#8220;on&#8220; admin_label=&#8220;Zeile&#8220; _builder_version=&#8220;4.17.4&#8243; collapsed=&#8220;off&#8220; global_colors_info=&#8220;{}&#8220;][et_pb_column type=&#8220;4_4&#8243; _builder_version=&#8220;4.16&#8243; custom_css_main_element=&#8220;margin: auto;&#8220; global_colors_info=&#8220;{}&#8220;][et_pb_text admin_label=&#8220;Text&#8220; _builder_version=&#8220;4.19.2&#8243; text_font=&#8220;||||||||&#8220; text_font_size=&#8220;16px&#8220; text_line_height=&#8220;1.9em&#8220; header_font=&#8220;Raleway|300|||||||&#8220; header_font_size=&#8220;60px&#8220; header_2_font=&#8220;Roboto|300|||||||&#8220; header_2_font_size=&#8220;50px&#8220; header_2_line_height=&#8220;1.4em&#8220; custom_padding=&#8220;0px||0px|||&#8220; header_2_font_size_tablet=&#8220;40px&#8220; header_2_font_size_phone=&#8220;32px&#8220; header_2_font_size_last_edited=&#8220;on|phone&#8220; global_colors_info=&#8220;{}&#8220;]<\/p>\n<h1><strong>Werde jetzt Teil unseres Mentorinnen Teams \ud83e\uddb9\u200d\u2640\ufe0f<br \/><\/strong><\/h1>\n<p>Wir sind nat\u00fcrlich immer auf der Suche nach Unterst\u00fctzung in unserem Verein. Aber, wie l\u00e4uft das eigentlich so ab? Was muss man daf\u00fcr machen oder welche Erfahrungen muss ich mitbringen? Wieviel Zeit sollte ich investieren? Diese Fragen werden wir in den n\u00e4chsten Abs\u00e4tzen beantworten.<\/p>\n<p>Das Wichtigste mal Vorweg: <strong>Wir sind ein Verein, unsere T\u00e4tigkeiten sind ehrenamtlich und darum gilt: Alles kann &#8211; nichts muss.<\/strong><\/p>\n<p>Im Folgenden geben wir Einblicke in die Aufgaben, durch welche sich unseren Mentorinnen einbringen.<\/p>\n<p>[\/et_pb_text][\/et_pb_column][\/et_pb_row][\/et_pb_section][et_pb_section fb_built=&#8220;1&#8243; _builder_version=&#8220;4.16&#8243; custom_padding=&#8220;0px||0px|||&#8220; global_colors_info=&#8220;{}&#8220;][et_pb_row _builder_version=&#8220;4.19.2&#8243; scroll_vertical_motion_enable=&#8220;off&#8220; global_colors_info=&#8220;{}&#8220;][et_pb_column type=&#8220;4_4&#8243; _builder_version=&#8220;4.16&#8243; global_colors_info=&#8220;{}&#8220;][et_pb_text admin_label=&#8220;Agenda&#8220; _builder_version=&#8220;4.19.2&#8243; text_font=&#8220;||||||||&#8220; text_font_size=&#8220;16px&#8220; text_line_height=&#8220;1.9em&#8220; header_font=&#8220;Raleway|300|||||||&#8220; header_font_size=&#8220;60px&#8220; header_2_font=&#8220;Roboto|300|||||||&#8220; header_2_font_size=&#8220;50px&#8220; header_2_line_height=&#8220;1.4em&#8220; custom_padding=&#8220;||0px|||&#8220; header_2_font_size_tablet=&#8220;40px&#8220; header_2_font_size_phone=&#8220;32px&#8220; header_2_font_size_last_edited=&#8220;on|phone&#8220; global_colors_info=&#8220;{}&#8220;]<\/p>\n<h2>\ud83d\udc69\u200d\ud83d\udcbb Mitmachen \ud83d\udc69\u200d\ud83d\udcbb<\/h2>\n<p>[\/et_pb_text][et_pb_code admin_label=&#8220;Code&#8220; _builder_version=&#8220;4.19.2&#8243; global_colors_info=&#8220;{}&#8220;]<\/p>\n<div id=\"content-agenda\"><!-- [et_pb_line_break_holder] -->\t<\/p>\n<ul class=\"agendalist \"><!-- [et_pb_line_break_holder] --> \t<\/p>\n<li class=\"agenda\" data-date=\"\ud83d\udc69\u200d\ud83d\udcbb \ud83e\udd2f\"><!-- [et_pb_line_break_holder] --><br \/>\n<h3>An Study Groups teilnehmen<\/h3>\n<p><!-- [et_pb_line_break_holder] -->    <pee>Unsere Study Groups sind das Herzst\u00fcck unserer ehrenamtlichen Arbeit. Bei Study Groups arbeiten unsere Teilnehmerinnen an vorbereiteten \u00dcbungen oder an ihren eigenen Projekten oder Ideen. Falls Hilfe beim Coden, Diskutieren einer Idee, oder Unterst\u00fctzung beim Umgang mit einem Tool ben\u00f6tigt werden, melden sich die Teilnehmerinnen bei uns. Unsere Mentorinnen haben nat\u00fcrlich unterschiedlichste Skillsets, \u00fcblicherweise kann man aber auch au\u00dferhalb der eigenen Spezialisierung gut helfen. Sollte man mal nicht weiter wissen, kann man es wie im Arbeitsalltag halten und die Problemstellung mit den Teilnehmerinnen googeln oder eine andere Mentorin um Hilfe bitten. Damit normalisieren wir auch, dass es absolut okay und normal ist nicht alles zu wissen, und dass Googeln zum IT-Alltag absolut dazu geh\u00f6rt \ud83d\ude09.<!-- [et_pb_line_break_holder] -->    <\/pee><!-- [et_pb_line_break_holder] -->  <\/li>\n<p><!-- [et_pb_line_break_holder] --> \t<\/p>\n<li class=\"agenda\" data-date=\"\ud83d\udc69\u200d\ud83c\udfeb \ud83d\udcc5\"><!-- [et_pb_line_break_holder] --><br \/>\n<h3>Eine Study Group organisieren<\/h3>\n<p><!-- [et_pb_line_break_holder] -->    <pee>Eine Location suchen, buchen, koordinieren, Mentorinnen f\u00fcr den Abend organisieren, Festlegen wer als Erste kommt beziehungsweise als Letzte geht. Also schlichtweg das ganze Organisatorische rund um eine Study Group. Das hei\u00dft aber nicht, dass man alles selbst erledigen muss, delegieren ist nat\u00fcrlich erlaubt.<\/pee><!-- [et_pb_line_break_holder] -->  <\/li>\n<p><!-- [et_pb_line_break_holder] --> \t<\/p>\n<li class=\"agenda\" data-date=\"\ud83d\udcf1 \ud83d\ude80\"><!-- [et_pb_line_break_holder] --><br \/>\n<h3>Social Media<\/h3>\n<p><!-- [et_pb_line_break_holder] -->    <pee>We are soooooo Social Media. Dieser Spruch ist ein Insider innerhalb unseres Teams, nachdem viele von uns in diesem Bereich einiges dazugelernt haben. Wenn es dir Spa\u00df und Freude macht, Posts und Storys zu erstellen (in Text und Bild) und diese zu schedulen, k\u00f6nnen wir hier deine Hilfe sicher gut ben\u00f6tigen.<\/pee><!-- [et_pb_line_break_holder] -->  <\/li>\n<p><!-- [et_pb_line_break_holder] --> \t<\/p>\n<li class=\"agenda\" data-date=\"\ud83c\udf06 \u2764\ufe0f\"><!-- [et_pb_line_break_holder] --><br \/>\n<h3>Design<\/h3>\n<p><!-- [et_pb_line_break_holder] -->    <pee>Wir freun uns immer \u00fcber Content, vorallem wenn dieser gut aussieht und farbig ist. (Wir sind ja doch eher mit Courier New vertraut \ud83d\ude00 )<!-- [et_pb_line_break_holder] -->    <\/pee><!-- [et_pb_line_break_holder] -->  <\/li>\n<p><!-- [et_pb_line_break_holder] --> \t<\/p>\n<li class=\"agenda\" data-date=\"\ud83d\udc69 \ud83d\udc6d\"><!-- [et_pb_line_break_holder] --><br \/>\n<h3>Community &#038; Networking<\/h3>\n<p><!-- [et_pb_line_break_holder] -->    <pee>Intern wie extern versuchen wir uns nat\u00fcrlich gut zu vernetzen, da das Zusammenbringen von Gleichgesinnten ein Hauptziel unserer Initiative ist. In Linz gibt es monatlich einen Community Stammtisch f\u00fcr Mentorinnen und Teilnehmerinnen, f\u00fcr Wien ist dies je nach Entwicklung auch geplant. Diese m\u00fcssen nat\u00fcrlich auch ausgeschrieben und reserviert werden. Im besten Fall ist nat\u00fcrlich auch am Abend jemand aus den Mentorinnenkreis da um Neulinge herzlich willkommen zu hei\u00dfen und etwaige Fragen zu beantworten.<\/pee><!-- [et_pb_line_break_holder] -->  <\/li>\n<p><!-- [et_pb_line_break_holder] --> \t<\/p>\n<li class=\"agenda\" data-date=\"\ud83d\udc69\u200d\ud83d\udcbb \ud83c\udf89\"><!-- [et_pb_line_break_holder] --><br \/>\n<h3>Hackathon, Sommerpartys &#038; Co<\/h3>\n<p><!-- [et_pb_line_break_holder] -->    <pee><!-- [et_pb_line_break_holder] -->      Trotz COVID-19 und relativ jungem Vereinsbestehen konnten wir bisher einige gr\u00f6\u00dfere Veranstaltungen organisieren und umsetzen. Wir m\u00f6chten in Zukunft ein oder zwei Hackathons pro Jahr veranstalten. In der Vergangenheit hielten wir einige Remote Workshop Tage und organisierten als Community Event eine Sommerparty. Solche Events werden in kleineren Mentorinnen Teams organisiert. Dabei kann man sich im Vorfeld an der Organisation beteiligen oder aber auch nur am Event als Mentorin mithelfen. Wie bei all&#8216; unseren T\u00e4tigkeiten gilt, alles kann &#8211; nichts muss.<\/pee><!-- [et_pb_line_break_holder] -->  <\/li>\n<p><!-- [et_pb_line_break_holder] --> \t<\/p>\n<li class=\"agenda\" data-date=\"\ud83c\udf55 \u2764\ufe0f\"><!-- [et_pb_line_break_holder] --><br \/>\n<h3>Pizza Essen<\/h3>\n<p><!-- [et_pb_line_break_holder] -->    <pee><!-- [et_pb_line_break_holder] -->      Unsere Study Groups beinhalten am Ende immer noch einen gemeinsamen Ausklang mit Pizza, Getr\u00e4nken und Networking. Dies ist eine M\u00f6glichkeit f\u00fcr Teilnehmerinnen mit anderen \u00fcber die heutige \u00dcbung zu sprechen, oder uns Mentorinnen alles m\u00f6gliche zu fragen. Oft sind es nur fragen, wie man selbst in die IT gekommen ist, wie das mit dem ersten Job war, ob sie sich schon wo bewerben k\u00f6nnen oder wie Bewerbungsprozesse auch in der IT \u00fcblicherweise aussehen. <br \\><!-- [et_pb_line_break_holder] -->       Unsere Events haben in der Regel einen sehr hohen Anteil oder sind vollst\u00e4ndig vegetarisch gestaltet. Dar\u00fcber hinaus stellen wir in der Regel auch immer eine vegane Option zur Verf\u00fcgung. <\/pee><!-- [et_pb_line_break_holder] -->  <\/li>\n<p><!-- [et_pb_line_break_holder] -->  <\/ul>\n<p><!-- [et_pb_line_break_holder] --><\/div>\n<p>[\/et_pb_code][\/et_pb_column][\/et_pb_row][\/et_pb_section][et_pb_section fb_built=&#8220;1&#8243; admin_label=&#8220;Contact&#8220; _builder_version=&#8220;4.19.2&#8243; custom_margin=&#8220;2%||||false|false&#8220; custom_padding=&#8220;0px|||||&#8220; collapsed=&#8220;off&#8220; global_colors_info=&#8220;{}&#8220;][et_pb_row make_equal=&#8220;on&#8220; admin_label=&#8220;Zeile&#8220; _builder_version=&#8220;4.17.4&#8243; hover_enabled=&#8220;0&#8243; collapsed=&#8220;off&#8220; global_colors_info=&#8220;{}&#8220; sticky_enabled=&#8220;0&#8243;][et_pb_column type=&#8220;4_4&#8243; _builder_version=&#8220;4.16&#8243; custom_css_main_element=&#8220;margin: auto;&#8220; global_colors_info=&#8220;{}&#8220;][et_pb_text admin_label=&#8220;Text&#8220; _builder_version=&#8220;4.19.2&#8243; text_font=&#8220;||||||||&#8220; text_font_size=&#8220;16px&#8220; text_line_height=&#8220;1.9em&#8220; header_font=&#8220;Raleway|300|||||||&#8220; header_font_size=&#8220;60px&#8220; header_2_font=&#8220;Roboto|300|||||||&#8220; header_2_font_size=&#8220;50px&#8220; header_2_line_height=&#8220;1.4em&#8220; custom_padding=&#8220;0px||0px|||&#8220; hover_enabled=&#8220;0&#8243; header_2_font_size_tablet=&#8220;40px&#8220; header_2_font_size_phone=&#8220;32px&#8220; header_2_font_size_last_edited=&#8220;on|phone&#8220; global_colors_info=&#8220;{}&#8220; sticky_enabled=&#8220;0&#8243;]<\/p>\n<h1><strong>Trete mit uns in Kontakt \ud83d\udc4b<\/strong><span class=\"emoji\">\ud83d\udc69\u200d\ud83d\udcbb<\/span><\/h1>\n<p>&nbsp;<\/p>\n<p>Am Besten du vernetzt dich mit uns in Slack: <a href=\"https:\/\/female-coders.slack.com\/\">female-coders.slack.com<\/a>. Wenn du uns im Channel #interest-in-mentoring eine Nachricht hinterlasst, wird jemand aus unserem Team auf dich zukommen. In weiterer Folge wirst du auch zu unseren privaten Mentorinnen Channels hinzugef\u00fcgt.<\/p>\n<p>Du kannst uns aber auch per E-Mail kontaktieren:<\/p>\n<ul>\n<li>Linz: <a href=\"mailto:femalecoders@gmail.com\">femalecoders@gmail.com<\/a><\/li>\n<li>Wien: <a href=\"mailto:femalecoders+vienna@gmail.com\">femalecoders+vienna@gmail.com<\/a><\/li>\n<\/ul>\n<p>[\/et_pb_text][\/et_pb_column][\/et_pb_row][\/et_pb_section][et_pb_section fb_built=&#8220;1&#8243; _builder_version=&#8220;4.16&#8243; custom_padding=&#8220;43px|||||&#8220; global_colors_info=&#8220;{}&#8220;][et_pb_row _builder_version=&#8220;4.16&#8243; global_colors_info=&#8220;{}&#8220;][et_pb_column type=&#8220;4_4&#8243; _builder_version=&#8220;4.16&#8243; global_colors_info=&#8220;{}&#8220;][et_pb_text admin_label=&#8220;FAQ&#8220; _builder_version=&#8220;4.19.2&#8243; text_font=&#8220;||||||||&#8220; text_font_size=&#8220;16px&#8220; text_line_height=&#8220;1.9em&#8220; header_font=&#8220;Raleway|300|||||||&#8220; header_font_size=&#8220;60px&#8220; header_2_font=&#8220;Roboto|300|||||||&#8220; header_2_font_size=&#8220;50px&#8220; header_2_line_height=&#8220;1.4em&#8220; custom_padding=&#8220;||0px|||&#8220; header_2_font_size_tablet=&#8220;40px&#8220; header_2_font_size_phone=&#8220;32px&#8220; header_2_font_size_last_edited=&#8220;on|phone&#8220; global_colors_info=&#8220;{}&#8220;]<\/p>\n<h2>H\u00e4ufig gestellte Fragen<\/h2>\n<p>&nbsp;<\/p>\n<p>[\/et_pb_text][\/et_pb_column][\/et_pb_row][et_pb_row _builder_version=&#8220;4.16&#8243; collapsed=&#8220;off&#8220; global_colors_info=&#8220;{}&#8220;][et_pb_column type=&#8220;4_4&#8243; _builder_version=&#8220;4.16&#8243; global_colors_info=&#8220;{}&#8220;][et_pb_accordion open_toggle_text_color=&#8220;#8300e9&#8243; open_toggle_background_color=&#8220;rgba(0,0,0,0)&#8220; _builder_version=&#8220;4.19.2&#8243; toggle_text_color=&#8220;#000000&#8243; global_colors_info=&#8220;{}&#8220;][et_pb_accordion_item title=&#8220;Ich kenne nicht jedes Tool und nicht jede Programmiersprache. Ist das ein Problem?&#8220; open=&#8220;on&#8220; _builder_version=&#8220;4.19.2&#8243; global_colors_info=&#8220;{}&#8220;]<\/p>\n<p>Nein absolut nicht. Niemand kennt alles, und wenn wir nicht weiter wissen, dann machen wir &#8217;s wie im echten Leben und Googlen gemeinsam mit unseren Teilnehmerinnen. \ud83d\ude09<br \/>Die h\u00e4ufigsten Programmiersprachen die bei unseren Study Groups zum Einsatz kommen sind JavaScript, Python und HTML\/CSS. Wir haben allerdings auch schon mit Scratch besch\u00e4ftigt und sind immer froh unser Anleitungs-Repertoire auszuweiten.\u00a0<\/p>\n<p>[\/et_pb_accordion_item][et_pb_accordion_item title=&#8220;Was ben\u00f6tige ich um Mentorin bei einer Study Group zu sein?&#8220; _builder_version=&#8220;4.19.2&#8243; global_colors_info=&#8220;{}&#8220; open=&#8220;off&#8220;]<\/p>\n<p>Freude am Wissen teilen ist die einzige Voraussetzung! Bei den technischen Kenntnissen sind meist grundlegende Programmierkenntnisse v\u00f6llig ausreichend.\u00a0Zur Study Group selbst m\u00fcssen Sie nichts mitbringen, ein Laptop ist nat\u00fcrlich immer praktisch aber nicht notwendig.<\/p>\n<p>[\/et_pb_accordion_item][et_pb_accordion_item title=&#8220;Kann ich f\u00fcr female coders enstehende Kosten beim Verein einreichen?&#8220; _builder_version=&#8220;4.19.2&#8243; global_colors_info=&#8220;{}&#8220; open=&#8220;off&#8220;]<\/p>\n<p>Generell k\u00f6nnen wir keine Entsch\u00e4digung auszahlen, wird allerdings Equipment oder Verpflegung f\u00fcr eine Study Group gekauft, werden diese Kosten nat\u00fcrlich vom Verein \u00fcbernommen. Reisekosten oder Parkgeb\u00fchren k\u00f6nnen ebenfalls vom Verein \u00fcbernommen werden.\u00a0<\/p>\n<p>[\/et_pb_accordion_item][et_pb_accordion_item title=&#8220;Wie viel Zeit erfordert es Mentorin zu sein?&#8220; _builder_version=&#8220;4.19.2&#8243; global_colors_info=&#8220;{}&#8220; open=&#8220;off&#8220;]<\/p>\n<p>Das kommt ganz auf dich an. Wenn du Feuer und Flamme bist, mitdenken und -organisieren willst, dann gibt es nach oben hin nat\u00fcrlich keine Grenze. Es ist aber v\u00f6llig in Ordnung einmal im Jahr, Halbjahr oder Quartal bei einer Study Group als Mentorin zu helfen. Die Weihnachtsfeier solltet ihr aber nicht verpassen. \ud83d\ude09<\/p>\n<p>[\/et_pb_accordion_item][et_pb_accordion_item title=&#8220;Wie kommunizieren die Mentorinnen untereinader und wie organisiert sicher der Verein?&#8220; _builder_version=&#8220;4.19.2&#8243; global_colors_info=&#8220;{}&#8220; open=&#8220;off&#8220;]<\/p>\n<p>Wir nutzen Slack, dort stimmen wir auch immer wieder Anfragen von extern ab. Ansonsten gibt es pro Quartal ein Planungsmeeting in dem die Einteilung f\u00fcr die n\u00e4chsten 3 Monate stattfindet und allf\u00e4llige Themen besprochen werden. Dort wird unter Anderem festgelegt wer zu welchen Study Groups erscheinen m\u00f6chte, etwaige extra Veranstaltungen und Einreichungen besprochen.\u00a0<\/p>\n<p>[\/et_pb_accordion_item][et_pb_accordion_item title=&#8220;Wer sind die Mentorinnen?&#8220; _builder_version=&#8220;4.19.2&#8243; global_colors_info=&#8220;{}&#8220; open=&#8220;off&#8220;]<\/p>\n<p>Unsere Mentorinnen sind Frauen die um und in der IT arbeiten &#8211; unter anderem als Java oder Web Entwicklerinnen oder Data Scientists, die sich sehr \u00fcber Unterst\u00fctzung freuen w\u00fcrden! Und wir bei\u00dfen meistens auch nicht \ud83d\ude09<\/p>\n<p>[\/et_pb_accordion_item][\/et_pb_accordion][\/et_pb_column][\/et_pb_row][\/et_pb_section]<\/p>\n","protected":false},"excerpt":{"rendered":"<p>Werde jetzt Teil unseres Mentorinnen Teams \ud83e\uddb9\u200d\u2640\ufe0f Wir sind nat\u00fcrlich immer auf der Suche nach Unterst\u00fctzung in unserem Verein. Aber, wie l\u00e4uft das eigentlich so ab? Was muss man daf\u00fcr machen oder welche Erfahrungen muss ich mitbringen? Wieviel Zeit sollte ich investieren? Diese Fragen werden wir in den n\u00e4chsten Abs\u00e4tzen beantworten. Das Wichtigste mal Vorweg: [&hellip;]<\/p>\n","protected":false},"author":5,"featured_media":2159,"parent":0,"menu_order":10,"comment_status":"closed","ping_status":"closed","template":"","meta":{"_et_pb_use_builder":"on","_et_pb_old_content":"<!-- wp:divi\/placeholder \/-->","_et_gb_content_width":"","footnotes":""},"class_list":["post-2147","page","type-page","status-publish","has-post-thumbnail","hentry"],"_links":{"self":[{"href":"https:\/\/female-coders.at\/en\/wp-json\/wp\/v2\/pages\/2147","targetHints":{"allow":["GET"]}}],"collection":[{"href":"https:\/\/female-coders.at\/en\/wp-json\/wp\/v2\/pages"}],"about":[{"href":"https:\/\/female-coders.at\/en\/wp-json\/wp\/v2\/types\/page"}],"author":[{"embeddable":true,"href":"https:\/\/female-coders.at\/en\/wp-json\/wp\/v2\/users\/5"}],"replies":[{"embeddable":true,"href":"https:\/\/female-coders.at\/en\/wp-json\/wp\/v2\/comments?post=2147"}],"version-history":[{"count":23,"href":"https:\/\/female-coders.at\/en\/wp-json\/wp\/v2\/pages\/2147\/revisions"}],"predecessor-version":[{"id":2189,"href":"https:\/\/female-coders.at\/en\/wp-json\/wp\/v2\/pages\/2147\/revisions\/2189"}],"wp:featuredmedia":[{"embeddable":true,"href":"https:\/\/female-coders.at\/en\/wp-json\/wp\/v2\/media\/2159"}],"wp:attachment":[{"href":"https:\/\/female-coders.at\/en\/wp-json\/wp\/v2\/media?parent=2147"}],"curies":[{"name":"wp","href":"https:\/\/api.w.org\/{rel}","templated":true}]}}