{"id":2076,"date":"2022-12-11T20:19:31","date_gmt":"2022-12-11T19:19:31","guid":{"rendered":"https:\/\/female-coders.at\/?page_id=2076"},"modified":"2024-02-05T21:16:47","modified_gmt":"2024-02-05T20:16:47","slug":"hackathon-2023-vienna","status":"publish","type":"page","link":"https:\/\/female-coders.at\/en\/hackathon-2023-vienna\/","title":{"rendered":"Hackathon 2023 Vienna Edition"},"content":{"rendered":"<p>[et_pb_section fb_built=&#8220;1&#8243; fullwidth=&#8220;on&#8220; _builder_version=&#8220;4.16&#8243; _module_preset=&#8220;default&#8220; background_color=&#8220;#e1d1eb&#8220; global_colors_info=&#8220;{}&#8220;][et_pb_fullwidth_image src=&#8220;https:\/\/www.female-coders.at\/wp-content\/uploads\/2022\/12\/hackathon-2023-d.png&#8220; title_text=&#8220;hackathon-2023-d&#8220; admin_label=&#8220;Vollbreites Bild&#8220; _builder_version=&#8220;4.19.5&#8243; _module_preset=&#8220;default&#8220; max_width=&#8220;1200px&#8220; module_alignment=&#8220;center&#8220; global_colors_info=&#8220;{}&#8220;][\/et_pb_fullwidth_image][\/et_pb_section][et_pb_section fb_built=&#8220;1&#8243; admin_label=&#8220;conference&#8220; _builder_version=&#8220;4.19.2&#8243; custom_margin=&#8220;2%||||false|false&#8220; custom_padding=&#8220;0px|||||&#8220; collapsed=&#8220;off&#8220; global_colors_info=&#8220;{}&#8220;][et_pb_row _builder_version=&#8220;4.19.5&#8243; _module_preset=&#8220;default&#8220; global_colors_info=&#8220;{}&#8220;][et_pb_column type=&#8220;4_4&#8243; _builder_version=&#8220;4.19.5&#8243; _module_preset=&#8220;default&#8220; global_colors_info=&#8220;{}&#8220;][et_pb_text _builder_version=&#8220;4.20.4&#8243; _module_preset=&#8220;default&#8220; global_colors_info=&#8220;{}&#8220;]<\/p>\n<h1><strong>Das war&#8217;s &#8211; unser erster Hackathon 2023 in Wien \ud83d\udc9c<\/strong><\/h1>\n<p>[\/et_pb_text][\/et_pb_column][\/et_pb_row][et_pb_row column_structure=&#8220;3_5,2_5&#8243; make_equal=&#8220;on&#8220; admin_label=&#8220;Zeile&#8220; _builder_version=&#8220;4.20.4&#8243; collapsed=&#8220;off&#8220; global_colors_info=&#8220;{}&#8220;][et_pb_column type=&#8220;3_5&#8243; _builder_version=&#8220;4.16&#8243; custom_css_main_element=&#8220;margin: auto;&#8220; global_colors_info=&#8220;{}&#8220;][et_pb_text _builder_version=&#8220;4.20.4&#8243; text_font=&#8220;||||||||&#8220; text_font_size=&#8220;16px&#8220; text_line_height=&#8220;1.9em&#8220; header_font=&#8220;Raleway|300|||||||&#8220; header_font_size=&#8220;60px&#8220; header_2_font=&#8220;Roboto|300|||||||&#8220; header_2_font_size=&#8220;50px&#8220; header_2_line_height=&#8220;1.4em&#8220; custom_padding=&#8220;0px||0px|||&#8220; header_2_font_size_tablet=&#8220;40px&#8220; header_2_font_size_phone=&#8220;32px&#8220; header_2_font_size_last_edited=&#8220;on|phone&#8220; global_colors_info=&#8220;{}&#8220;]<\/p>\n<p>Auch unser zweiter Hackathon, der am 06.Mai im <strong>Wiener Dynatrace Lab<\/strong> stattfand war ein voller Erfolg. Beim Hackathon fanden wir uns zusammen und arbeiteten in Kleingruppen an eigenen Ideen. Um gut durch den Tag zu kommen, unterst\u00fctze uns Dynatrace mit ausreichend Verpflegung und stellte ihr modernes B\u00fcro am Hauptbahnhof in Wien zur Verf\u00fcgung.<\/p>\n<p>Die entstanden Projekte k\u00f6nnen sich wieder sehen lassen! In unserem <strong>Podcast Track\u00a0<\/strong>erstellten die Teilnehmerinnen innerhalb nur eines Tages einen Podcast &#8211; von der Konzeption \u00fcber die Aufnahmen bis zum Schnitt ging alles in nur 10 Stunden! \ud83c\udfa4<\/p>\n<p>Beim <strong>Geo Guesser Game<\/strong> werden zuf\u00e4llig Bilder in der N\u00e4he der geografischen Position der Spielerin geladen woraufhin das n\u00e4chstgelegene Bild gew\u00e4hlt werden soll. In einem anderen Projekt wurde eine Webseite mit einem <strong>animiertem K\u00fchlschrank<\/strong> erstellt, die dabei helfen soll, Nahrungsmittelverschwendung vorzubeugen. In <strong>Code with me\u00a0<\/strong>wurde eine professionelle Kollaborations-Plattform f\u00fcr Coding Projekte entwickelt. Weiters wurde eine wundersch\u00f6ne Webseite f\u00fcr <strong>Serious comics<\/strong> entwickelt und eine <strong>Event Finder App<\/strong>, die es einem einfacher erm\u00f6glichen soll, interessante Events in der N\u00e4he zu finden. \ud83c\udf0d<\/p>\n<p>Au\u00dferdem wurden Modelle trainiert um <strong>Wettervorhersagen<\/strong> zu verbessern, <strong>Stern- und Planetenkonstellationen<\/strong> auf Bildern zu erkennen, oder herausragende <strong>Geb\u00e4ude<\/strong> in Wien auf Videos zu erkennen um die Stadt zu erkennen. Dar\u00fcber hinaus wurde eine k\u00fcnstliche Intelligenz trainiert zur Erkennung von <strong>Emotionen<\/strong> und eine andere zur Erkennung von <strong>Alter<\/strong> und <strong>Geschlecht<\/strong> auf Bildern trainiert. \ud83d\ude80<\/p>\n<p>Wir sind begeistert von den Ergebnissen und freuen uns schon auf den n\u00e4chsten Hackathon! #keeponhacking<\/p>\n<p>&nbsp;<\/p>\n<p>[\/et_pb_text][\/et_pb_column][et_pb_column type=&#8220;2_5&#8243; _builder_version=&#8220;4.16&#8243; custom_css_main_element=&#8220;margin: auto;&#8220; global_colors_info=&#8220;{}&#8220;][et_pb_image src=&#8220;https:\/\/www.female-coders.at\/wp-content\/uploads\/2023\/05\/summary-hackathon-projects.jpg&#8220; title_text=&#8220;summary-hackathon-projects&#8220; _builder_version=&#8220;4.20.4&#8243; _module_preset=&#8220;default&#8220; global_colors_info=&#8220;{}&#8220;][\/et_pb_image][et_pb_text _builder_version=&#8220;4.20.4&#8243; _module_preset=&#8220;default&#8220; text_orientation=&#8220;center&#8220; global_colors_info=&#8220;{}&#8220;]<\/p>\n<pre>\u00a9 by Cornelia Amon<\/pre>\n<p>[\/et_pb_text][\/et_pb_column][\/et_pb_row][et_pb_row column_structure=&#8220;1_2,1_2&#8243; make_equal=&#8220;on&#8220; admin_label=&#8220;Zeile&#8220; _builder_version=&#8220;4.20.4&#8243; collapsed=&#8220;off&#8220; global_colors_info=&#8220;{}&#8220;][et_pb_column type=&#8220;1_2&#8243; _builder_version=&#8220;4.16&#8243; custom_css_main_element=&#8220;margin: auto;&#8220; global_colors_info=&#8220;{}&#8220;][et_pb_image src=&#8220;https:\/\/www.female-coders.at\/wp-content\/uploads\/2023\/05\/9A5CE823-6FA1-41EA-BAFA-DCFC45ECBCD3.png&#8220; title_text=&#8220;9A5CE823-6FA1-41EA-BAFA-DCFC45ECBCD3&#8243; _builder_version=&#8220;4.20.4&#8243; _module_preset=&#8220;default&#8220; global_colors_info=&#8220;{}&#8220;][\/et_pb_image][\/et_pb_column][et_pb_column type=&#8220;1_2&#8243; _builder_version=&#8220;4.16&#8243; custom_css_main_element=&#8220;margin: auto;&#8220; global_colors_info=&#8220;{}&#8220;][et_pb_text _builder_version=&#8220;4.20.4&#8243; text_font=&#8220;||||||||&#8220; text_font_size=&#8220;16px&#8220; text_line_height=&#8220;1.9em&#8220; header_font=&#8220;Raleway|300|||||||&#8220; header_font_size=&#8220;60px&#8220; header_2_font=&#8220;Roboto|300|||||||&#8220; header_2_font_size=&#8220;50px&#8220; header_2_line_height=&#8220;1.4em&#8220; custom_padding=&#8220;0px||0px|||&#8220; header_2_font_size_tablet=&#8220;40px&#8220; header_2_font_size_phone=&#8220;32px&#8220; header_2_font_size_last_edited=&#8220;on|phone&#8220; global_colors_info=&#8220;{}&#8220;]<\/p>\n<h3>Zeit um DANKE zu Sagen!<\/h3>\n<p>DANKE an unsere wundervollen Teilnehmerinnen &#8211; was ihr an diesem Tag f\u00fcr tolle Projekte erstellt habt ist wunderbar! <br \/>DANKE an die Dynatrace f\u00fcr die Gastfreundschaft, Verpflegung und Unterst\u00fctzung bei der Organisation!<br \/>DANKE an die allerbesten Mentorinnen &#8211; ihr seid das \ud83d\udc9c Herzst\u00fcck \ud83d\udc9c des Events, denn ohne euch w\u00e4re kein Hackathon m\u00f6glich \ud83d\ude42\u00a0<\/p>\n<p>[\/et_pb_text][\/et_pb_column][\/et_pb_row][\/et_pb_section][et_pb_section fb_built=&#8220;1&#8243; _builder_version=&#8220;4.16&#8243; global_colors_info=&#8220;{}&#8220;][et_pb_row admin_label=&#8220;Sponsoren&#8220; _builder_version=&#8220;4.16&#8243; global_colors_info=&#8220;{}&#8220;][et_pb_column type=&#8220;4_4&#8243; _builder_version=&#8220;4.16&#8243; global_colors_info=&#8220;{}&#8220;][et_pb_text admin_label=&#8220;Text&#8220; _builder_version=&#8220;4.16.0&#8243; text_font_size=&#8220;16px&#8220; header_font=&#8220;Raleway|300|||||||&#8220; header_font_size=&#8220;60px&#8220; global_colors_info=&#8220;{}&#8220;]<\/p>\n<h1 style=\"text-align: center;\">Sponsoren<\/h1>\n<p style=\"text-align: center;\">[\/et_pb_text][\/et_pb_column][\/et_pb_row][et_pb_row column_structure=&#8220;1_3,1_3,1_3&#8243; _builder_version=&#8220;4.19.2&#8243; _module_preset=&#8220;default&#8220; global_colors_info=&#8220;{}&#8220;][et_pb_column type=&#8220;1_3&#8243; _builder_version=&#8220;4.19.2&#8243; _module_preset=&#8220;default&#8220; global_colors_info=&#8220;{}&#8220;][\/et_pb_column][et_pb_column type=&#8220;1_3&#8243; _builder_version=&#8220;4.19.2&#8243; _module_preset=&#8220;default&#8220; global_colors_info=&#8220;{}&#8220;][et_pb_image src=&#8220;https:\/\/www.female-coders.at\/wp-content\/uploads\/2021\/03\/Dynatrace_Logo_color_positive_vertical.png&#8220; title_text=&#8220;Dynatrace_Logo_color_positive_vertical&#8220; _builder_version=&#8220;4.19.2&#8243; _module_preset=&#8220;default&#8220; global_colors_info=&#8220;{}&#8220;][\/et_pb_image][\/et_pb_column][et_pb_column type=&#8220;1_3&#8243; _builder_version=&#8220;4.19.2&#8243; _module_preset=&#8220;default&#8220; global_colors_info=&#8220;{}&#8220;][\/et_pb_column][\/et_pb_row][\/et_pb_section][et_pb_section fb_built=&#8220;1&#8243; admin_label=&#8220;social media &#8211; de&#8220; _builder_version=&#8220;3.22.3&#8243; global_module=&#8220;919&#8243; saved_tabs=&#8220;all&#8220; locked=&#8220;off&#8220; global_colors_info=&#8220;{}&#8220;][et_pb_row column_structure=&#8220;1_2,1_2&#8243; padding_top_bottom_link_1=&#8220;true&#8220; padding_left_right_link_1=&#8220;true&#8220; _builder_version=&#8220;4.16&#8243; custom_padding=&#8220;||128px|||&#8220; global_colors_info=&#8220;{}&#8220;][et_pb_column type=&#8220;1_2&#8243; _builder_version=&#8220;4.16&#8243; custom_padding=&#8220;10%|||&#8220; custom_padding_tablet=&#8220;0px|||&#8220; custom_padding_phone=&#8220;&#8220; custom_padding_last_edited=&#8220;on|desktop&#8220; global_colors_info=&#8220;{}&#8220; custom_padding__hover=&#8220;|||&#8220;][et_pb_text _builder_version=&#8220;4.16&#8243; text_font=&#8220;||||||||&#8220; text_font_size=&#8220;16px&#8220; text_line_height=&#8220;1.9em&#8220; header_font=&#8220;||||||||&#8220; header_2_font=&#8220;Roboto|300|||||||&#8220; header_2_font_size=&#8220;50px&#8220; header_2_line_height=&#8220;1.4em&#8220; text_orientation=&#8220;center&#8220; header_2_font_size_tablet=&#8220;40px&#8220; header_2_font_size_phone=&#8220;32px&#8220; header_2_font_size_last_edited=&#8220;on|phone&#8220; text_text_align=&#8220;center&#8220; global_colors_info=&#8220;{}&#8220;]<\/p>\n<h2>Find us on&#8230;<\/h2>\n<p>[\/et_pb_text][et_pb_code _builder_version=&#8220;4.16&#8243; text_orientation=&#8220;center&#8220; global_colors_info=&#8220;{}&#8220;]<a class=\"et_pb_button et_pb_more_button et_pb_button_two\" href=\"https:\/\/www.facebook.com\/femalecoderslinz\/\" target=\"_blank\" rel=\"noopener noreferrer\"><i class=\"fab fa-facebook-f\"><\/i><\/a><!-- [et_pb_line_break_holder] --><a class=\"et_pb_button et_pb_more_button et_pb_button_two\" href=\"https:\/\/www.meetup.com\/de-DE\/Female-Coders-Linz\/\" target=\"_blank\" rel=\"noopener noreferrer\"><i class=\"fab fa-meetup\"><\/i><\/a><!-- [et_pb_line_break_holder] --><a class=\"et_pb_button et_pb_more_button et_pb_button_two\" href=\"https:\/\/female-coders.slack.com\/\" target=\"_blank\" rel=\"noopener noreferrer\"><i class=\"fab fa-slack\"><\/i><\/a><!-- [et_pb_line_break_holder] --><a class=\"et_pb_button et_pb_more_button et_pb_button_two\" href=\"https:\/\/twitter.com\/FemaleCodersLnz\" target=\"_blank\" rel=\"noopener noreferrer\"><i class=\"fab fa-twitter\"><\/i><\/a><!-- [et_pb_line_break_holder] --><a class=\"et_pb_button et_pb_more_button et_pb_button_two\" href=\"https:\/\/www.instagram.com\/femalecoderslinz\" target=\"_blank\" rel=\"noopener noreferrer\"><i class=\"fab fa-instagram\"><\/i><\/a><!-- [et_pb_line_break_holder] -->[\/et_pb_code][\/et_pb_column][et_pb_column type=&#8220;1_2&#8243; _builder_version=&#8220;4.16&#8243; background_image=&#8220;https:\/\/www.female-coders.at\/wp-content\/uploads\/2019\/07\/column-background-02.png&#8220; custom_padding=&#8220;50px|50px|50px|50px&#8220; custom_padding_tablet=&#8220;&#8220; custom_padding_phone=&#8220;20px|20px|20px|20px|true|true&#8220; custom_padding_last_edited=&#8220;on|phone&#8220; global_colors_info=&#8220;{}&#8220; custom_padding__hover=&#8220;|||&#8220;][et_pb_image src=&#8220;https:\/\/www.female-coders.at\/wp-content\/uploads\/2019\/07\/cnbrsqj8mhq.jpg&#8220; title_text=&#8220;Photo by Barni Rajah&#8220; align_tablet=&#8220;center&#8220; align_phone=&#8220;&#8220; align_last_edited=&#8220;on|desktop&#8220; _builder_version=&#8220;4.24.0&#8243; animation_style=&#8220;zoom&#8220; animation_intensity_zoom=&#8220;10%&#8220; box_shadow_style=&#8220;preset1&#8243; box_shadow_vertical=&#8220;32px&#8220; box_shadow_blur=&#8220;100px&#8220; box_shadow_color=&#8220;rgba(0,0,0,0.15)&#8220; global_colors_info=&#8220;{}&#8220;][\/et_pb_image][\/et_pb_column][\/et_pb_row][\/et_pb_section]<\/p>\n","protected":false},"excerpt":{"rendered":"<p>Das war&#8217;s &#8211; unser erster Hackathon 2023 in Wien \ud83d\udc9cAuch unser zweiter Hackathon, der am 06.Mai im Wiener Dynatrace Lab stattfand war ein voller Erfolg. Beim Hackathon fanden wir uns zusammen und arbeiteten in Kleingruppen an eigenen Ideen. Um gut durch den Tag zu kommen, unterst\u00fctze uns Dynatrace mit ausreichend Verpflegung und stellte ihr modernes [&hellip;]<\/p>\n","protected":false},"author":7,"featured_media":2118,"parent":0,"menu_order":10,"comment_status":"closed","ping_status":"closed","template":"","meta":{"_et_pb_use_builder":"on","_et_pb_old_content":"<!-- wp:divi\/placeholder \/-->","_et_gb_content_width":"","footnotes":""},"class_list":["post-2076","page","type-page","status-publish","has-post-thumbnail","hentry"],"_links":{"self":[{"href":"https:\/\/female-coders.at\/en\/wp-json\/wp\/v2\/pages\/2076","targetHints":{"allow":["GET"]}}],"collection":[{"href":"https:\/\/female-coders.at\/en\/wp-json\/wp\/v2\/pages"}],"about":[{"href":"https:\/\/female-coders.at\/en\/wp-json\/wp\/v2\/types\/page"}],"author":[{"embeddable":true,"href":"https:\/\/female-coders.at\/en\/wp-json\/wp\/v2\/users\/7"}],"replies":[{"embeddable":true,"href":"https:\/\/female-coders.at\/en\/wp-json\/wp\/v2\/comments?post=2076"}],"version-history":[{"count":35,"href":"https:\/\/female-coders.at\/en\/wp-json\/wp\/v2\/pages\/2076\/revisions"}],"predecessor-version":[{"id":2534,"href":"https:\/\/female-coders.at\/en\/wp-json\/wp\/v2\/pages\/2076\/revisions\/2534"}],"wp:featuredmedia":[{"embeddable":true,"href":"https:\/\/female-coders.at\/en\/wp-json\/wp\/v2\/media\/2118"}],"wp:attachment":[{"href":"https:\/\/female-coders.at\/en\/wp-json\/wp\/v2\/media?parent=2076"}],"curies":[{"name":"wp","href":"https:\/\/api.w.org\/{rel}","templated":true}]}}